{"id":6583,"date":"2024-03-15T01:46:54","date_gmt":"2024-03-14T23:46:54","guid":{"rendered":"https:\/\/radyojuke.com\/web\/?page_id=6583"},"modified":"2025-06-26T17:39:40","modified_gmt":"2025-06-26T14:39:40","slug":"sunucular","status":"publish","type":"page","link":"https:\/\/radyojuke.com\/web\/sunucular\/","title":{"rendered":"Sunucular"},"content":{"rendered":"\t\t<div data-elementor-type=\"wp-page\" data-elementor-id=\"6583\" class=\"elementor elementor-6583\">\n\t\t\t\t\t\t<section class=\"elementor-section elementor-top-section elementor-element elementor-element-6dd538e animated-slow elementor-section-boxed elementor-section-height-default elementor-section-height-default elementor-invisible\" data-id=\"6dd538e\" data-element_type=\"section\" data-settings=\"{&quot;background_background&quot;:&quot;classic&quot;,&quot;animation&quot;:&quot;slideInDown&quot;}\">\n\t\t\t\t\t\t<div class=\"elementor-container elementor-column-gap-default\">\n\t\t\t\t\t<div class=\"elementor-column elementor-col-100 elementor-top-column elementor-element elementor-element-a6122dd\" data-id=\"a6122dd\" data-element_type=\"column\">\n\t\t\t<div class=\"elementor-widget-wrap elementor-element-populated\">\n\t\t\t\t\t\t<div class=\"elementor-element elementor-element-1e1dc9a elementor-widget elementor-widget-proradio-elementor-section-caption\" data-id=\"1e1dc9a\" data-element_type=\"widget\" data-widget_type=\"proradio-elementor-section-caption.default\">\n\t\t\t\t<div class=\"elementor-widget-container\">\n\t\t\t\t\t\n\t\t<div class=\"proradio-section-caption  proradio-section-caption--m\">\n\n\t\t\t\t\t\t\t<h2 id=\"proradiotabsf-sunucular\" class=\"proradio-center proradio-capfont proradio-proradiotabsf-sunucular proradio-txtfx-paris-container proradio-textfx-wrap \">\n\t\t\t\t\t\t\t\t\t\t\t\t\t<span class=\"proradio-txtfx proradio-txtfx--paris\" data-qtwaypoints-offset=\"50\" data-qtwaypoints ><span data-letters-l=\"SUNUC\" data-letters-r=\"ULAR\">SUNUCULAR<\/span><\/span>\n\t\t\t\t\t\t\t\t\t\t\t\t<\/h2>\n\t\t\t\t\t\t<\/div>\n\t\t\t\t<div data-proradio-customstyles=\".proradio-proradiotabsf-sunucular .proradio-txtfx--paris { color: #808080}\n\t\t\t\t\t\t\t.proradio-proradiotabsf-sunucular .proradio-txtfx--paris span::before, .proradio-proradiotabsf-sunucular .proradio-txtfx--paris span::after { color: #FFFFFF}\n\t\t\t\t\t\t\t.proradio-proradiotabsf-sunucular .proradio-txtfx--paris::before, .proradio-proradiotabsf-sunucular .proradio-txtfx--paris::after { background: #DD1A22}\"><\/div>\n\t\t\t\t\t\t<\/div>\n\t\t\t\t<\/div>\n\t\t\t\t\t<\/div>\n\t\t<\/div>\n\t\t\t\t\t<\/div>\n\t\t<\/section>\n\t\t\t\t<section class=\"elementor-section elementor-top-section elementor-element elementor-element-16870cc animated-slow elementor-section-boxed elementor-section-height-default elementor-section-height-default elementor-invisible\" data-id=\"16870cc\" data-element_type=\"section\" data-settings=\"{&quot;animation&quot;:&quot;pulse&quot;}\">\n\t\t\t\t\t\t<div class=\"elementor-container elementor-column-gap-default\">\n\t\t\t\t\t<div class=\"elementor-column elementor-col-100 elementor-top-column elementor-element elementor-element-3632711\" data-id=\"3632711\" data-element_type=\"column\">\n\t\t\t<div class=\"elementor-widget-wrap elementor-element-populated\">\n\t\t\t\t\t\t<div class=\"elementor-element elementor-element-f224b87 elementor-widget elementor-widget-proradio-elementor-post-grid\" data-id=\"f224b87\" data-element_type=\"widget\" data-widget_type=\"proradio-elementor-post-grid.default\">\n\t\t\t\t<div class=\"elementor-widget-container\">\n\t\t\t\t\t\t\t\t<div id=\"gridqt-post-grid-6583\" class=\"proradio-container proradio-post-grid\">\n\t\t\t\t<div id=\"b267b03b9c136fb6ef036d3bda8774c3\" class=\"proradio-row\">\n\t\t\t\t\t\t\t\t\t\t\t<div class=\"proradio-col proradio-col__post proradio-s12 proradio-m6 proradio-l4\">\n\t\t\t\t\t\t\t<article class=\"proradio-post proradio-post__card proradio-post__card--members proradio-darkbg proradio-negative post-7874 members type-members status-publish has-post-thumbnail hentry membertype-sunucu\" data-qtwaypoints>\n\t<div class=\"proradio-bgimg proradio-bgimg--full proradio-duotone\">\n\t\t<img fetchpriority=\"high\" decoding=\"async\" width=\"370\" height=\"480\" src=\"https:\/\/radyojuke.com\/wp-content\/uploads\/2026\/01\/WhatsApp-Image-2026-02-03-at-13.30.52-370x480.jpeg\" class=\"proradio-post__thumb wp-post-image\" alt=\"\" \/>\t<\/div>\n\t<div class=\"proradio-post__headercont\">\n\t\t<a class=\"proradio-post__header__link\" href=\"https:\/\/radyojuke.com\/web\/members\/ozgur-gezgin\/\"><\/a>\n\t\t<div class=\"proradio-actions__cont\">\n\t<div class=\"proradio-actions\">\n\t\t\t\t<a href=\"https:\/\/radyojuke.com\/web\/members\/ozgur-gezgin\/\" class=\"proradio-actionicon\"><i class='material-icons'>person_outline<\/i><\/a>\n\t\t\n\n\t\t\t\t<span class=\"proradio-actions__a1\">\t\t<a data-ttgreaktions-shareboxfull=\"{&quot;id&quot;:&quot;7874&quot;,&quot;shared&quot;:&quot;https:\\\/\\\/radyojuke.com\\\/web\\\/members\\\/ozgur-gezgin\\\/&quot;,&quot;title&quot;:&quot;\\u00d6zg\\u00fcr Gezgin&quot;,&quot;finalUrl&quot;:&quot;https:\\\/\\\/radyojuke.com\\\/web\\\/members\\\/ozgur-gezgin\\\/?id=7874&amp;reaktions-share-fullpage=7874&amp;noajax=1&amp;label=Share&amp;btnclass=proradio-btn  proradio-btn__r&amp;secure=3a61f64437&quot;}\" href=\"#nojax\" class=\"proradio_reaktions-link \">\n\t\t\t<span class=\"qtli\"><i class=\"reakticons-share\"><\/i><\/span><span class=\"count\"><\/span>\n\t\t<\/a>\n\t\t<\/span>\n\t\t\n\n\t\t\t\t<span class=\"proradio-actions__a2\">\t\t<a data-ttgreaktions-lovelink class=\"proradio_reaktions-link \" data-post_id=\"7874\" href=\"#\">\n\t        <span class=\"qtli\"><i class=\"reakticons-heart\"><\/i><\/span><span class=\"qtli count\"><\/span>\n\t    <\/a>\n\t\t<\/span>\n\t\t\t<\/div>\n<\/div>\n\n\n\t\t<div class=\"proradio-post__card__cap\">\n\t\t\t<p class=\"proradio-cats\">\n\t\t\t\t<a href=\"https:\/\/radyojuke.com\/web\/membertype\/sunucu\/\" class=\"proradio-catid-86\">Sunucu<\/a>\t\t\t<\/p>\n\t\t\t<h3 class=\"proradio-post__title\"><a href=\"https:\/\/radyojuke.com\/web\/members\/ozgur-gezgin\/\">\u00d6zg\u00fcr Gezgin<\/a><\/h3>\n\t\t\t\n\t\t\t\t\t\t\n\t\t<\/div>\n\t<\/div>\n<\/article>\t\t\t\t\t\t<\/div>\n\t\t\t\t\t\t\t\t\t\t\t\t<div class=\"proradio-col proradio-col__post proradio-s12 proradio-m6 proradio-l4\">\n\t\t\t\t\t\t\t<article class=\"proradio-post proradio-post__card proradio-post__card--members proradio-darkbg proradio-negative post-2180 members type-members status-publish has-post-thumbnail hentry membertype-dj membertype-sunucu\" data-qtwaypoints>\n\t<div class=\"proradio-bgimg proradio-bgimg--full proradio-duotone\">\n\t\t<img decoding=\"async\" width=\"370\" height=\"480\" src=\"https:\/\/radyojuke.com\/wp-content\/uploads\/2020\/04\/coskuner-370x480.jpg\" class=\"proradio-post__thumb wp-post-image\" alt=\"\" \/>\t<\/div>\n\t<div class=\"proradio-post__headercont\">\n\t\t<a class=\"proradio-post__header__link\" href=\"https:\/\/radyojuke.com\/web\/members\/yusuf-coskuner\/\"><\/a>\n\t\t<div class=\"proradio-actions__cont\">\n\t<div class=\"proradio-actions\">\n\t\t\t\t<a href=\"https:\/\/radyojuke.com\/web\/members\/yusuf-coskuner\/\" class=\"proradio-actionicon\"><i class='material-icons'>person_outline<\/i><\/a>\n\t\t\n\n\t\t\t\t<span class=\"proradio-actions__a1\">\t\t<a data-ttgreaktions-shareboxfull=\"{&quot;id&quot;:&quot;2180&quot;,&quot;shared&quot;:&quot;https:\\\/\\\/radyojuke.com\\\/web\\\/members\\\/yusuf-coskuner\\\/&quot;,&quot;title&quot;:&quot;Yusuf Co\\u015fkuner&quot;,&quot;finalUrl&quot;:&quot;https:\\\/\\\/radyojuke.com\\\/web\\\/members\\\/yusuf-coskuner\\\/?id=2180&amp;reaktions-share-fullpage=2180&amp;noajax=1&amp;label=Share&amp;btnclass=proradio-btn  proradio-btn__r&amp;secure=3a61f64437&quot;}\" href=\"#nojax\" class=\"proradio_reaktions-link \">\n\t\t\t<span class=\"qtli\"><i class=\"reakticons-share\"><\/i><\/span><span class=\"count\">9<\/span>\n\t\t<\/a>\n\t\t<\/span>\n\t\t\n\n\t\t\t\t<span class=\"proradio-actions__a2\">\t\t<a data-ttgreaktions-lovelink class=\"proradio_reaktions-link \" data-post_id=\"2180\" href=\"#\">\n\t        <span class=\"qtli\"><i class=\"reakticons-heart\"><\/i><\/span><span class=\"qtli count\">13<\/span>\n\t    <\/a>\n\t\t<\/span>\n\t\t\t<\/div>\n<\/div>\n\n\n\t\t<div class=\"proradio-post__card__cap\">\n\t\t\t<p class=\"proradio-cats\">\n\t\t\t\t<a href=\"https:\/\/radyojuke.com\/web\/membertype\/dj\/\" class=\"proradio-catid-38\">Dj<\/a>\t\t\t<\/p>\n\t\t\t<h3 class=\"proradio-post__title\"><a href=\"https:\/\/radyojuke.com\/web\/members\/yusuf-coskuner\/\">Yusuf Co\u015fkuner<\/a><\/h3>\n\t\t\t\n\t\t\t\t\t\t\n\t\t<\/div>\n\t<\/div>\n<\/article>\t\t\t\t\t\t<\/div>\n\t\t\t\t\t\t\t\t\t\t\t\t<div class=\"proradio-col proradio-col__post proradio-s12 proradio-m6 proradio-l4\">\n\t\t\t\t\t\t\t<article class=\"proradio-post proradio-post__card proradio-post__card--members proradio-darkbg proradio-negative post-6246 members type-members status-publish has-post-thumbnail hentry membertype-sunucu\" data-qtwaypoints>\n\t<div class=\"proradio-bgimg proradio-bgimg--full proradio-duotone\">\n\t\t<img decoding=\"async\" width=\"370\" height=\"480\" src=\"https:\/\/radyojuke.com\/wp-content\/uploads\/2024\/03\/gulsumkanca-370x480.jpg\" class=\"proradio-post__thumb wp-post-image\" alt=\"\" \/>\t<\/div>\n\t<div class=\"proradio-post__headercont\">\n\t\t<a class=\"proradio-post__header__link\" href=\"https:\/\/radyojuke.com\/web\/members\/gulsum-kanca\/\"><\/a>\n\t\t<div class=\"proradio-actions__cont\">\n\t<div class=\"proradio-actions\">\n\t\t\t\t<a href=\"https:\/\/radyojuke.com\/web\/members\/gulsum-kanca\/\" class=\"proradio-actionicon\"><i class='material-icons'>person_outline<\/i><\/a>\n\t\t\n\n\t\t\t\t<span class=\"proradio-actions__a1\">\t\t<a data-ttgreaktions-shareboxfull=\"{&quot;id&quot;:&quot;6246&quot;,&quot;shared&quot;:&quot;https:\\\/\\\/radyojuke.com\\\/web\\\/members\\\/gulsum-kanca\\\/&quot;,&quot;title&quot;:&quot;G\\u00fcls\\u00fcm Kanca&quot;,&quot;finalUrl&quot;:&quot;https:\\\/\\\/radyojuke.com\\\/web\\\/members\\\/gulsum-kanca\\\/?id=6246&amp;reaktions-share-fullpage=6246&amp;noajax=1&amp;label=Share&amp;btnclass=proradio-btn  proradio-btn__r&amp;secure=3a61f64437&quot;}\" href=\"#nojax\" class=\"proradio_reaktions-link \">\n\t\t\t<span class=\"qtli\"><i class=\"reakticons-share\"><\/i><\/span><span class=\"count\"><\/span>\n\t\t<\/a>\n\t\t<\/span>\n\t\t\n\n\t\t\t\t<span class=\"proradio-actions__a2\">\t\t<a data-ttgreaktions-lovelink class=\"proradio_reaktions-link \" data-post_id=\"6246\" href=\"#\">\n\t        <span class=\"qtli\"><i class=\"reakticons-heart\"><\/i><\/span><span class=\"qtli count\">1<\/span>\n\t    <\/a>\n\t\t<\/span>\n\t\t\t<\/div>\n<\/div>\n\n\n\t\t<div class=\"proradio-post__card__cap\">\n\t\t\t<p class=\"proradio-cats\">\n\t\t\t\t<a href=\"https:\/\/radyojuke.com\/web\/membertype\/sunucu\/\" class=\"proradio-catid-86\">Sunucu<\/a>\t\t\t<\/p>\n\t\t\t<h3 class=\"proradio-post__title\"><a href=\"https:\/\/radyojuke.com\/web\/members\/gulsum-kanca\/\">G\u00fcls\u00fcm Kanca<\/a><\/h3>\n\t\t\t\n\t\t\t\t\t\t\n\t\t<\/div>\n\t<\/div>\n<\/article>\t\t\t\t\t\t<\/div>\n\t\t\t\t\t\t\t\t\t\t\t\t<div class=\"proradio-col proradio-col__post proradio-s12 proradio-m6 proradio-l4\">\n\t\t\t\t\t\t\t<article class=\"proradio-post proradio-post__card proradio-post__card--members proradio-darkbg proradio-negative post-6226 members type-members status-publish has-post-thumbnail hentry membertype-sunucu\" data-qtwaypoints>\n\t<div class=\"proradio-bgimg proradio-bgimg--full proradio-duotone\">\n\t\t<img loading=\"lazy\" decoding=\"async\" width=\"370\" height=\"480\" src=\"https:\/\/radyojuke.com\/wp-content\/uploads\/2024\/03\/eda-min-370x480.png\" class=\"proradio-post__thumb wp-post-image\" alt=\"\" \/>\t<\/div>\n\t<div class=\"proradio-post__headercont\">\n\t\t<a class=\"proradio-post__header__link\" href=\"https:\/\/radyojuke.com\/web\/members\/eda-kandulu\/\"><\/a>\n\t\t<div class=\"proradio-actions__cont\">\n\t<div class=\"proradio-actions\">\n\t\t\t\t<a href=\"https:\/\/radyojuke.com\/web\/members\/eda-kandulu\/\" class=\"proradio-actionicon\"><i class='material-icons'>person_outline<\/i><\/a>\n\t\t\n\n\t\t\t\t<span class=\"proradio-actions__a1\">\t\t<a data-ttgreaktions-shareboxfull=\"{&quot;id&quot;:&quot;6226&quot;,&quot;shared&quot;:&quot;https:\\\/\\\/radyojuke.com\\\/web\\\/members\\\/eda-kandulu\\\/&quot;,&quot;title&quot;:&quot;Eda Kandulu&quot;,&quot;finalUrl&quot;:&quot;https:\\\/\\\/radyojuke.com\\\/web\\\/members\\\/eda-kandulu\\\/?id=6226&amp;reaktions-share-fullpage=6226&amp;noajax=1&amp;label=Share&amp;btnclass=proradio-btn  proradio-btn__r&amp;secure=3a61f64437&quot;}\" href=\"#nojax\" class=\"proradio_reaktions-link \">\n\t\t\t<span class=\"qtli\"><i class=\"reakticons-share\"><\/i><\/span><span class=\"count\">2<\/span>\n\t\t<\/a>\n\t\t<\/span>\n\t\t\n\n\t\t\t\t<span class=\"proradio-actions__a2\">\t\t<a data-ttgreaktions-lovelink class=\"proradio_reaktions-link \" data-post_id=\"6226\" href=\"#\">\n\t        <span class=\"qtli\"><i class=\"reakticons-heart\"><\/i><\/span><span class=\"qtli count\">10<\/span>\n\t    <\/a>\n\t\t<\/span>\n\t\t\t<\/div>\n<\/div>\n\n\n\t\t<div class=\"proradio-post__card__cap\">\n\t\t\t<p class=\"proradio-cats\">\n\t\t\t\t<a href=\"https:\/\/radyojuke.com\/web\/membertype\/sunucu\/\" class=\"proradio-catid-86\">Sunucu<\/a>\t\t\t<\/p>\n\t\t\t<h3 class=\"proradio-post__title\"><a href=\"https:\/\/radyojuke.com\/web\/members\/eda-kandulu\/\">Eda Kandulu<\/a><\/h3>\n\t\t\t\n\t\t\t\t\t\t\n\t\t<\/div>\n\t<\/div>\n<\/article>\t\t\t\t\t\t<\/div>\n\t\t\t\t\t\t\t\t\t\t\t\t<div class=\"proradio-col proradio-col__post proradio-s12 proradio-m6 proradio-l4\">\n\t\t\t\t\t\t\t<article class=\"proradio-post proradio-post__card proradio-post__card--members proradio-darkbg proradio-negative post-6835 members type-members status-publish has-post-thumbnail hentry membertype-sunucu\" data-qtwaypoints>\n\t<div class=\"proradio-bgimg proradio-bgimg--full proradio-duotone\">\n\t\t<img loading=\"lazy\" decoding=\"async\" width=\"370\" height=\"480\" src=\"https:\/\/radyojuke.com\/wp-content\/uploads\/2022\/06\/esr-min-370x480.png\" class=\"proradio-post__thumb wp-post-image\" alt=\"\" \/>\t<\/div>\n\t<div class=\"proradio-post__headercont\">\n\t\t<a class=\"proradio-post__header__link\" href=\"https:\/\/radyojuke.com\/web\/members\/esra-dalar\/\"><\/a>\n\t\t<div class=\"proradio-actions__cont\">\n\t<div class=\"proradio-actions\">\n\t\t\t\t<a href=\"https:\/\/radyojuke.com\/web\/members\/esra-dalar\/\" class=\"proradio-actionicon\"><i class='material-icons'>person_outline<\/i><\/a>\n\t\t\n\n\t\t\t\t<span class=\"proradio-actions__a1\">\t\t<a data-ttgreaktions-shareboxfull=\"{&quot;id&quot;:&quot;6835&quot;,&quot;shared&quot;:&quot;https:\\\/\\\/radyojuke.com\\\/web\\\/members\\\/esra-dalar\\\/&quot;,&quot;title&quot;:&quot;Esra Dalar&quot;,&quot;finalUrl&quot;:&quot;https:\\\/\\\/radyojuke.com\\\/web\\\/members\\\/esra-dalar\\\/?id=6835&amp;reaktions-share-fullpage=6835&amp;noajax=1&amp;label=Share&amp;btnclass=proradio-btn  proradio-btn__r&amp;secure=3a61f64437&quot;}\" href=\"#nojax\" class=\"proradio_reaktions-link \">\n\t\t\t<span class=\"qtli\"><i class=\"reakticons-share\"><\/i><\/span><span class=\"count\"><\/span>\n\t\t<\/a>\n\t\t<\/span>\n\t\t\n\n\t\t\t\t<span class=\"proradio-actions__a2\">\t\t<a data-ttgreaktions-lovelink class=\"proradio_reaktions-link \" data-post_id=\"6835\" href=\"#\">\n\t        <span class=\"qtli\"><i class=\"reakticons-heart\"><\/i><\/span><span class=\"qtli count\"><\/span>\n\t    <\/a>\n\t\t<\/span>\n\t\t\t<\/div>\n<\/div>\n\n\n\t\t<div class=\"proradio-post__card__cap\">\n\t\t\t<p class=\"proradio-cats\">\n\t\t\t\t<a href=\"https:\/\/radyojuke.com\/web\/membertype\/sunucu\/\" class=\"proradio-catid-86\">Sunucu<\/a>\t\t\t<\/p>\n\t\t\t<h3 class=\"proradio-post__title\"><a href=\"https:\/\/radyojuke.com\/web\/members\/esra-dalar\/\">Esra Dalar<\/a><\/h3>\n\t\t\t\n\t\t\t\t\t\t\n\t\t<\/div>\n\t<\/div>\n<\/article>\t\t\t\t\t\t<\/div>\n\t\t\t\t\t\t\t\t\t\t\t\t<div class=\"proradio-col proradio-col__post proradio-s12 proradio-m6 proradio-l4\">\n\t\t\t\t\t\t\t<article class=\"proradio-post proradio-post__card proradio-post__card--members proradio-darkbg proradio-negative post-2167 members type-members status-publish has-post-thumbnail hentry membertype-oyuncu membertype-sunucu\" data-qtwaypoints>\n\t<div class=\"proradio-bgimg proradio-bgimg--full proradio-duotone\">\n\t\t<img loading=\"lazy\" decoding=\"async\" width=\"370\" height=\"480\" src=\"https:\/\/radyojuke.com\/wp-content\/uploads\/2020\/04\/altekinerginel-370x480.jpg\" class=\"proradio-post__thumb wp-post-image\" alt=\"\" \/>\t<\/div>\n\t<div class=\"proradio-post__headercont\">\n\t\t<a class=\"proradio-post__header__link\" href=\"https:\/\/radyojuke.com\/web\/members\/altekin-erginel\/\"><\/a>\n\t\t<div class=\"proradio-actions__cont\">\n\t<div class=\"proradio-actions\">\n\t\t\t\t<a href=\"https:\/\/radyojuke.com\/web\/members\/altekin-erginel\/\" class=\"proradio-actionicon\"><i class='material-icons'>person_outline<\/i><\/a>\n\t\t\n\n\t\t\t\t<span class=\"proradio-actions__a1\">\t\t<a data-ttgreaktions-shareboxfull=\"{&quot;id&quot;:&quot;2167&quot;,&quot;shared&quot;:&quot;https:\\\/\\\/radyojuke.com\\\/web\\\/members\\\/altekin-erginel\\\/&quot;,&quot;title&quot;:&quot;Altekin Erginel&quot;,&quot;finalUrl&quot;:&quot;https:\\\/\\\/radyojuke.com\\\/web\\\/members\\\/altekin-erginel\\\/?id=2167&amp;reaktions-share-fullpage=2167&amp;noajax=1&amp;label=Share&amp;btnclass=proradio-btn  proradio-btn__r&amp;secure=3a61f64437&quot;}\" href=\"#nojax\" class=\"proradio_reaktions-link \">\n\t\t\t<span class=\"qtli\"><i class=\"reakticons-share\"><\/i><\/span><span class=\"count\">8<\/span>\n\t\t<\/a>\n\t\t<\/span>\n\t\t\n\n\t\t\t\t<span class=\"proradio-actions__a2\">\t\t<a data-ttgreaktions-lovelink class=\"proradio_reaktions-link \" data-post_id=\"2167\" href=\"#\">\n\t        <span class=\"qtli\"><i class=\"reakticons-heart\"><\/i><\/span><span class=\"qtli count\">55<\/span>\n\t    <\/a>\n\t\t<\/span>\n\t\t\t<\/div>\n<\/div>\n\n\n\t\t<div class=\"proradio-post__card__cap\">\n\t\t\t<p class=\"proradio-cats\">\n\t\t\t\t<a href=\"https:\/\/radyojuke.com\/web\/membertype\/oyuncu\/\" class=\"proradio-catid-96\">Oyuncu<\/a>\t\t\t<\/p>\n\t\t\t<h3 class=\"proradio-post__title\"><a href=\"https:\/\/radyojuke.com\/web\/members\/altekin-erginel\/\">Altekin Erginel<\/a><\/h3>\n\t\t\t\n\t\t\t\t\t\t\n\t\t<\/div>\n\t<\/div>\n<\/article>\t\t\t\t\t\t<\/div>\n\t\t\t\t\t\t\t\t\t\t\t\t<div class=\"proradio-col proradio-col__post proradio-s12 proradio-m6 proradio-l4\">\n\t\t\t\t\t\t\t<article class=\"proradio-post proradio-post__card proradio-post__card--members proradio-darkbg proradio-negative post-6849 members type-members status-publish has-post-thumbnail hentry membertype-muzisyen membertype-sunucu\" data-qtwaypoints>\n\t<div class=\"proradio-bgimg proradio-bgimg--full proradio-duotone\">\n\t\t<img loading=\"lazy\" decoding=\"async\" width=\"370\" height=\"480\" src=\"https:\/\/radyojuke.com\/wp-content\/uploads\/2018\/06\/bikem-tunar-370x480.png\" class=\"proradio-post__thumb wp-post-image\" alt=\"\" \/>\t<\/div>\n\t<div class=\"proradio-post__headercont\">\n\t\t<a class=\"proradio-post__header__link\" href=\"https:\/\/radyojuke.com\/web\/members\/bikem-tunar\/\"><\/a>\n\t\t<div class=\"proradio-actions__cont\">\n\t<div class=\"proradio-actions\">\n\t\t\t\t<a href=\"https:\/\/radyojuke.com\/web\/members\/bikem-tunar\/\" class=\"proradio-actionicon\"><i class='material-icons'>person_outline<\/i><\/a>\n\t\t\n\n\t\t\t\t<span class=\"proradio-actions__a1\">\t\t<a data-ttgreaktions-shareboxfull=\"{&quot;id&quot;:&quot;6849&quot;,&quot;shared&quot;:&quot;https:\\\/\\\/radyojuke.com\\\/web\\\/members\\\/bikem-tunar\\\/&quot;,&quot;title&quot;:&quot;Bikem Tunar&quot;,&quot;finalUrl&quot;:&quot;https:\\\/\\\/radyojuke.com\\\/web\\\/members\\\/bikem-tunar\\\/?id=6849&amp;reaktions-share-fullpage=6849&amp;noajax=1&amp;label=Share&amp;btnclass=proradio-btn  proradio-btn__r&amp;secure=3a61f64437&quot;}\" href=\"#nojax\" class=\"proradio_reaktions-link \">\n\t\t\t<span class=\"qtli\"><i class=\"reakticons-share\"><\/i><\/span><span class=\"count\"><\/span>\n\t\t<\/a>\n\t\t<\/span>\n\t\t\n\n\t\t\t\t<span class=\"proradio-actions__a2\">\t\t<a data-ttgreaktions-lovelink class=\"proradio_reaktions-link \" data-post_id=\"6849\" href=\"#\">\n\t        <span class=\"qtli\"><i class=\"reakticons-heart\"><\/i><\/span><span class=\"qtli count\"><\/span>\n\t    <\/a>\n\t\t<\/span>\n\t\t\t<\/div>\n<\/div>\n\n\n\t\t<div class=\"proradio-post__card__cap\">\n\t\t\t<p class=\"proradio-cats\">\n\t\t\t\t<a href=\"https:\/\/radyojuke.com\/web\/membertype\/muzisyen\/\" class=\"proradio-catid-95\">M\u00fczisyen<\/a>\t\t\t<\/p>\n\t\t\t<h3 class=\"proradio-post__title\"><a href=\"https:\/\/radyojuke.com\/web\/members\/bikem-tunar\/\">Bikem Tunar<\/a><\/h3>\n\t\t\t\n\t\t\t\t\t\t\n\t\t<\/div>\n\t<\/div>\n<\/article>\t\t\t\t\t\t<\/div>\n\t\t\t\t\t\t\t\t\t\t<\/div>\n\t\t\t<\/div>\n\t\t\t\t\t\t\t<\/div>\n\t\t\t\t<\/div>\n\t\t\t\t\t<\/div>\n\t\t<\/div>\n\t\t\t\t\t<\/div>\n\t\t<\/section>\n\t\t\t\t<\/div>\n\t\t","protected":false},"excerpt":{"rendered":"<p>SUNUCULAR person_outline M\u00fczisyen Bikem Tunar person_outline Sunucu Esra Dalar person_outline 1 Sunucu G\u00fcls\u00fcm Kanca person_outline Sunucu Altu\u011f D\u00fclger person_outline 2 5 Sunucu Eda Kandulu person_outline 9 10 Sunucu Yusuf Co\u015fkuner Donec gravida nunc non elit lacinia, a tempus est finibus. Aliquam a fringilla arcu, sit amet iaculis mauris. Phasellus varius ...<\/p>\n","protected":false},"author":2,"featured_media":0,"parent":0,"menu_order":0,"comment_status":"closed","ping_status":"closed","template":"page-visualcomposer.php","meta":{"footnotes":""},"class_list":["post-6583","page","type-page","status-publish","hentry"],"_links":{"self":[{"href":"https:\/\/radyojuke.com\/web\/wp-json\/wp\/v2\/pages\/6583","targetHints":{"allow":["GET"]}}],"collection":[{"href":"https:\/\/radyojuke.com\/web\/wp-json\/wp\/v2\/pages"}],"about":[{"href":"https:\/\/radyojuke.com\/web\/wp-json\/wp\/v2\/types\/page"}],"author":[{"embeddable":true,"href":"https:\/\/radyojuke.com\/web\/wp-json\/wp\/v2\/users\/2"}],"replies":[{"embeddable":true,"href":"https:\/\/radyojuke.com\/web\/wp-json\/wp\/v2\/comments?post=6583"}],"version-history":[{"count":10,"href":"https:\/\/radyojuke.com\/web\/wp-json\/wp\/v2\/pages\/6583\/revisions"}],"predecessor-version":[{"id":6867,"href":"https:\/\/radyojuke.com\/web\/wp-json\/wp\/v2\/pages\/6583\/revisions\/6867"}],"wp:attachment":[{"href":"https:\/\/radyojuke.com\/web\/wp-json\/wp\/v2\/media?parent=6583"}],"curies":[{"name":"wp","href":"https:\/\/api.w.org\/{rel}","templated":true}]}}