{"id":6947,"date":"2025-07-03T16:10:59","date_gmt":"2025-07-03T13:10:59","guid":{"rendered":"https:\/\/radyojuke.com\/web\/?page_id=6947"},"modified":"2025-12-15T12:13:03","modified_gmt":"2025-12-15T10:13:03","slug":"hakkimizda","status":"publish","type":"page","link":"https:\/\/radyojuke.com\/web\/hakkimizda\/","title":{"rendered":"Hakk\u0131m\u0131zda"},"content":{"rendered":"\t\t<div data-elementor-type=\"wp-page\" data-elementor-id=\"6947\" class=\"elementor elementor-6947\">\n\t\t\t\t\t\t<section class=\"elementor-section elementor-top-section elementor-element elementor-element-3c91172 animated-slow elementor-section-boxed elementor-section-height-default elementor-section-height-default elementor-invisible\" data-id=\"3c91172\" data-element_type=\"section\" data-settings=\"{&quot;background_background&quot;:&quot;classic&quot;,&quot;animation&quot;:&quot;slideInDown&quot;}\">\n\t\t\t\t\t\t<div class=\"elementor-container elementor-column-gap-default\">\n\t\t\t\t\t<div class=\"elementor-column elementor-col-100 elementor-top-column elementor-element elementor-element-008e872\" data-id=\"008e872\" data-element_type=\"column\">\n\t\t\t<div class=\"elementor-widget-wrap elementor-element-populated\">\n\t\t\t\t\t\t<div class=\"elementor-element elementor-element-c10bb9f elementor-widget elementor-widget-proradio-elementor-section-caption\" data-id=\"c10bb9f\" data-element_type=\"widget\" data-widget_type=\"proradio-elementor-section-caption.default\">\n\t\t\t\t<div class=\"elementor-widget-container\">\n\t\t\t\t\t\n\t\t<div class=\"proradio-section-caption  proradio-section-caption--m\">\n\n\t\t\t\t\t\t\t<h2 id=\"proradiotabseffaecf-hakkmzda\" class=\"proradio-center proradio-capfont proradio-proradiotabseffaecf-hakkmzda proradio-txtfx-paris-container proradio-textfx-wrap \">\n\t\t\t\t\t\t\t\t\t\t\t\t\t<span class=\"proradio-txtfx proradio-txtfx--paris\" data-qtwaypoints-offset=\"50\" data-qtwaypoints ><span data-letters-l=\"Hakk\u0131\" data-letters-r=\"m\u0131zda\">Hakk\u0131m\u0131zda<\/span><\/span>\n\t\t\t\t\t\t\t\t\t\t\t\t<\/h2>\n\t\t\t\t\t\t<\/div>\n\t\t\t\t<div data-proradio-customstyles=\".proradio-proradiotabseffaecf-hakkmzda .proradio-txtfx--paris { color: #808080}\n\t\t\t\t\t\t\t.proradio-proradiotabseffaecf-hakkmzda .proradio-txtfx--paris span::before, .proradio-proradiotabseffaecf-hakkmzda .proradio-txtfx--paris span::after { color: #FFFFFF}\n\t\t\t\t\t\t\t.proradio-proradiotabseffaecf-hakkmzda .proradio-txtfx--paris::before, .proradio-proradiotabseffaecf-hakkmzda .proradio-txtfx--paris::after { background: #DD1A22}\"><\/div>\n\t\t\t\t\t\t<\/div>\n\t\t\t\t<\/div>\n\t\t\t\t\t<\/div>\n\t\t<\/div>\n\t\t\t\t\t<\/div>\n\t\t<\/section>\n\t\t\t\t<section class=\"elementor-section elementor-top-section elementor-element elementor-element-4b0f75a elementor-section-content-middle elementor-section-boxed elementor-section-height-default elementor-section-height-default\" data-id=\"4b0f75a\" data-element_type=\"section\">\n\t\t\t\t\t\t<div class=\"elementor-container elementor-column-gap-default\">\n\t\t\t\t\t<div class=\"elementor-column elementor-col-100 elementor-top-column elementor-element elementor-element-e8dcf83\" data-id=\"e8dcf83\" data-element_type=\"column\" data-settings=\"{&quot;background_background&quot;:&quot;classic&quot;}\">\n\t\t\t<div class=\"elementor-widget-wrap elementor-element-populated\">\n\t\t\t\t\t\t<div class=\"elementor-element elementor-element-269d890 elementor-widget elementor-widget-image\" data-id=\"269d890\" data-element_type=\"widget\" data-widget_type=\"image.default\">\n\t\t\t\t<div class=\"elementor-widget-container\">\n\t\t\t\t\t\t\t\t\t\t\t\t\t\t\t\t<a href=\"https:\/\/radyojuke.com\/web\/wp-content\/uploads\/2025\/07\/radyo-juke-3-scaled.jpg\" data-elementor-open-lightbox=\"yes\" data-elementor-lightbox-title=\"radyo-juke-3\" data-e-action-hash=\"#elementor-action%3Aaction%3Dlightbox%26settings%3DeyJpZCI6Njk0OSwidXJsIjoiaHR0cHM6XC9cL3JhZHlvanVrZS5jb21cL3dwLWNvbnRlbnRcL3VwbG9hZHNcLzIwMjVcLzA3XC9yYWR5by1qdWtlLTMtc2NhbGVkLmpwZyJ9\">\n\t\t\t\t\t\t\t<img fetchpriority=\"high\" decoding=\"async\" width=\"1170\" height=\"878\" src=\"https:\/\/radyojuke.com\/wp-content\/uploads\/2025\/07\/radyo-juke-3-1170x878.jpg\" class=\"attachment-large size-large wp-image-6949\" alt=\"\" srcset=\"https:\/\/radyojuke.com\/wp-content\/uploads\/2025\/07\/radyo-juke-3-1170x878.jpg 1170w, https:\/\/radyojuke.com\/wp-content\/uploads\/2025\/07\/radyo-juke-3-770x578.jpg 770w, https:\/\/radyojuke.com\/wp-content\/uploads\/2025\/07\/radyo-juke-3-768x576.jpg 768w, https:\/\/radyojuke.com\/wp-content\/uploads\/2025\/07\/radyo-juke-3-1536x1152.jpg 1536w, https:\/\/radyojuke.com\/wp-content\/uploads\/2025\/07\/radyo-juke-3-2048x1536.jpg 2048w, https:\/\/radyojuke.com\/wp-content\/uploads\/2025\/07\/radyo-juke-3-16x12.jpg 16w\" sizes=\"(max-width: 1170px) 100vw, 1170px\" \/>\t\t\t\t\t\t\t\t<\/a>\n\t\t\t\t\t\t\t\t\t\t\t\t\t\t\t<\/div>\n\t\t\t\t<\/div>\n\t\t\t\t<div class=\"elementor-element elementor-element-0cf1d3f elementor-widget elementor-widget-heading\" data-id=\"0cf1d3f\" data-element_type=\"widget\" data-widget_type=\"heading.default\">\n\t\t\t\t<div class=\"elementor-widget-container\">\n\t\t\t\t\t<h2 class=\"elementor-heading-title elementor-size-default\">Akl\u0131n\u0131zdan ge\u00e7en \u015fark\u0131 birazdan radyonuzda!<\/h2>\t\t\t\t<\/div>\n\t\t\t\t<\/div>\n\t\t\t\t<div class=\"elementor-element elementor-element-536515d elementor-widget elementor-widget-text-editor\" data-id=\"536515d\" data-element_type=\"widget\" data-widget_type=\"text-editor.default\">\n\t\t\t\t<div class=\"elementor-widget-container\">\n\t\t\t\t\t\t\t\t\t<p><strong>Bizler bir doktor ya da m\u00fchendis de\u011filiz; biz <em>\u201cM\u00fczik \u0130nsan\u0131y\u0131z.\u201d<\/em> M\u00fczik bizim i\u015fimiz, tutkumuz ve uzmanl\u0131k alan\u0131m\u0131z. En iyi bildi\u011fimiz i\u015fi, profesyonellik ve \u00f6zenle yap\u0131yor; her detayda kaliteyi \u00f6n planda tutuyoruz.<\/strong><\/p><p><strong>Son teknolojiyle donat\u0131lm\u0131\u015f dijital st\u00fcdyolar\u0131m\u0131z, geni\u015f yay\u0131n a\u011f\u0131m\u0131z ve \u00fcst\u00fcn ses kalitemizle, dinleyicilerimize kusursuz bir m\u00fczik deneyimi sunmay\u0131 ama\u00e7l\u0131yoruz. Alan\u0131nda deneyimli programc\u0131lar\u0131m\u0131z, Radyo Juke ayr\u0131cal\u0131\u011f\u0131yla samimi ve etkileyici sunumlar ger\u00e7ekle\u015ftiriyor.<\/strong><\/p><p><strong>\u00d6zel olarak tasarlanan jingle ve sweeper\u2019lar\u0131m\u0131zla, yay\u0131n\u0131m\u0131za \u00f6zg\u00fcnl\u00fck ve profesyonellik kat\u0131yor; kula\u011f\u0131n\u0131zdan ge\u00e7ip do\u011frudan y\u00fcre\u011finize dokunan en sevilen T\u00fcrk\u00e7e pop \u015fark\u0131lar\u0131n\u0131 \u00f6zenle se\u00e7iyoruz.<\/strong><\/p><p><strong>Radyo Juke olarak, dinleyicilerimizin m\u00fczik zevklerini ve beklentilerini \u00e7ok iyi analiz ediyor; onlar\u0131n akl\u0131ndan ge\u00e7en \u015fark\u0131lar\u0131 en do\u011fru zamanda, st\u00fcdyo kalitesinde sizlere ula\u015ft\u0131r\u0131yoruz. Bu sayede, sadece m\u00fczik yay\u0131n\u0131 yapmakla kalm\u0131yor; ayn\u0131 zamanda dinleyiciyle g\u00fc\u00e7l\u00fc bir ba\u011f kuran, onlar\u0131n hayat\u0131na dokunan bir radyo deneyimi yarat\u0131yoruz.<\/strong><\/p><p><strong><em>\u201cM\u00fczi\u011fin kalbinde yer almak\u201d<\/em> felsefesiyle, her an\u0131 tutkuyla ya\u015farken, Radyo Juke fark\u0131n\u0131 hissettiriyor ve her yay\u0131n\u0131 bir sanat eserine d\u00f6n\u00fc\u015ft\u00fcr\u00fcyoruz.<\/strong><\/p>\t\t\t\t\t\t\t\t<\/div>\n\t\t\t\t<\/div>\n\t\t\t\t<div class=\"elementor-element elementor-element-9fbee53 elementor-widget elementor-widget-image\" data-id=\"9fbee53\" data-element_type=\"widget\" data-widget_type=\"image.default\">\n\t\t\t\t<div class=\"elementor-widget-container\">\n\t\t\t\t\t\t\t\t\t\t\t\t\t\t\t\t<a href=\"https:\/\/radyojuke.com\/web\/wp-content\/uploads\/2025\/07\/radyo-juke-2-scaled.jpg\" data-elementor-open-lightbox=\"yes\" data-elementor-lightbox-title=\"radyo-juke-2\" data-e-action-hash=\"#elementor-action%3Aaction%3Dlightbox%26settings%3DeyJpZCI6Njk1MywidXJsIjoiaHR0cHM6XC9cL3JhZHlvanVrZS5jb21cL3dwLWNvbnRlbnRcL3VwbG9hZHNcLzIwMjVcLzA3XC9yYWR5by1qdWtlLTItc2NhbGVkLWUxNzUxOTA0OTMxNzkyLmpwZyJ9\">\n\t\t\t\t\t\t\t<img decoding=\"async\" width=\"1170\" height=\"1147\" src=\"https:\/\/radyojuke.com\/wp-content\/uploads\/2025\/07\/radyo-juke-2-scaled-e1751904931792-1170x1147.jpg\" class=\"attachment-large size-large wp-image-6953\" alt=\"\" srcset=\"https:\/\/radyojuke.com\/wp-content\/uploads\/2025\/07\/radyo-juke-2-scaled-e1751904931792-1170x1147.jpg 1170w, https:\/\/radyojuke.com\/wp-content\/uploads\/2025\/07\/radyo-juke-2-scaled-e1751904931792-770x755.jpg 770w, https:\/\/radyojuke.com\/wp-content\/uploads\/2025\/07\/radyo-juke-2-scaled-e1751904931792-768x753.jpg 768w, https:\/\/radyojuke.com\/wp-content\/uploads\/2025\/07\/radyo-juke-2-scaled-e1751904931792-1536x1506.jpg 1536w, https:\/\/radyojuke.com\/wp-content\/uploads\/2025\/07\/radyo-juke-2-scaled-e1751904931792-12x12.jpg 12w, https:\/\/radyojuke.com\/wp-content\/uploads\/2025\/07\/radyo-juke-2-scaled-e1751904931792.jpg 1958w\" sizes=\"(max-width: 1170px) 100vw, 1170px\" \/>\t\t\t\t\t\t\t\t<\/a>\n\t\t\t\t\t\t\t\t\t\t\t\t\t\t\t<\/div>\n\t\t\t\t<\/div>\n\t\t\t\t\t<\/div>\n\t\t<\/div>\n\t\t\t\t\t<\/div>\n\t\t<\/section>\n\t\t\t\t<\/div>\n\t\t","protected":false},"excerpt":{"rendered":"<p>Hakk\u0131m\u0131zda Akl\u0131n\u0131zdan ge\u00e7en \u015fark\u0131 birazdan radyonuzda! Bizler bir doktor ya da m\u00fchendis de\u011filiz; biz \u201cM\u00fczik \u0130nsan\u0131y\u0131z.\u201d M\u00fczik bizim i\u015fimiz, tutkumuz ve uzmanl\u0131k alan\u0131m\u0131z. En iyi bildi\u011fimiz i\u015fi, profesyonellik ve \u00f6zenle yap\u0131yor; her detayda kaliteyi \u00f6n planda tutuyoruz. Son teknolojiyle donat\u0131lm\u0131\u015f dijital st\u00fcdyolar\u0131m\u0131z, geni\u015f yay\u0131n a\u011f\u0131m\u0131z ve \u00fcst\u00fcn ses kalitemizle, dinleyicilerimize ...<\/p>\n","protected":false},"author":2,"featured_media":0,"parent":0,"menu_order":0,"comment_status":"closed","ping_status":"closed","template":"page-visualcomposer.php","meta":{"footnotes":""},"class_list":["post-6947","page","type-page","status-publish","hentry"],"_links":{"self":[{"href":"https:\/\/radyojuke.com\/web\/wp-json\/wp\/v2\/pages\/6947","targetHints":{"allow":["GET"]}}],"collection":[{"href":"https:\/\/radyojuke.com\/web\/wp-json\/wp\/v2\/pages"}],"about":[{"href":"https:\/\/radyojuke.com\/web\/wp-json\/wp\/v2\/types\/page"}],"author":[{"embeddable":true,"href":"https:\/\/radyojuke.com\/web\/wp-json\/wp\/v2\/users\/2"}],"replies":[{"embeddable":true,"href":"https:\/\/radyojuke.com\/web\/wp-json\/wp\/v2\/comments?post=6947"}],"version-history":[{"count":28,"href":"https:\/\/radyojuke.com\/web\/wp-json\/wp\/v2\/pages\/6947\/revisions"}],"predecessor-version":[{"id":7804,"href":"https:\/\/radyojuke.com\/web\/wp-json\/wp\/v2\/pages\/6947\/revisions\/7804"}],"wp:attachment":[{"href":"https:\/\/radyojuke.com\/web\/wp-json\/wp\/v2\/media?parent=6947"}],"curies":[{"name":"wp","href":"https:\/\/api.w.org\/{rel}","templated":true}]}}