{"id":6997,"date":"2025-07-04T02:34:14","date_gmt":"2025-07-03T23:34:14","guid":{"rendered":"https:\/\/radyojuke.com\/web\/?page_id=6997"},"modified":"2025-07-09T15:55:12","modified_gmt":"2025-07-09T12:55:12","slug":"hizmetlerimiz","status":"publish","type":"page","link":"https:\/\/radyojuke.com\/web\/hizmetlerimiz\/","title":{"rendered":"Hizmetlerimiz"},"content":{"rendered":"\t\t<div data-elementor-type=\"wp-page\" data-elementor-id=\"6997\" class=\"elementor elementor-6997\">\n\t\t\t\t\t\t<section class=\"elementor-section elementor-top-section elementor-element elementor-element-7f53a72 animated-slow elementor-section-boxed elementor-section-height-default elementor-section-height-default elementor-invisible\" data-id=\"7f53a72\" data-element_type=\"section\" data-settings=\"{&quot;background_background&quot;:&quot;classic&quot;,&quot;animation&quot;:&quot;slideInDown&quot;}\">\n\t\t\t\t\t\t<div class=\"elementor-container elementor-column-gap-default\">\n\t\t\t\t\t<div class=\"elementor-column elementor-col-100 elementor-top-column elementor-element elementor-element-f76ec77\" data-id=\"f76ec77\" data-element_type=\"column\">\n\t\t\t<div class=\"elementor-widget-wrap elementor-element-populated\">\n\t\t\t\t\t\t<div class=\"elementor-element elementor-element-a1a8265 elementor-widget elementor-widget-proradio-elementor-section-caption\" data-id=\"a1a8265\" data-element_type=\"widget\" data-widget_type=\"proradio-elementor-section-caption.default\">\n\t\t\t\t<div class=\"elementor-widget-container\">\n\t\t\t\t\t\n\t\t<div class=\"proradio-section-caption  proradio-section-caption--m\">\n\n\t\t\t\t\t\t\t<h2 id=\"proradiotabseffaec-hzmetlermz\" class=\"proradio-center proradio-capfont proradio-proradiotabseffaec-hzmetlermz proradio-txtfx-paris-container proradio-textfx-wrap \">\n\t\t\t\t\t\t\t\t\t\t\t\t\t<span class=\"proradio-txtfx proradio-txtfx--paris\" data-qtwaypoints-offset=\"50\" data-qtwaypoints ><span data-letters-l=\"H\u0130ZMETL\" data-letters-r=\"ER\u0130M\u0130Z\">H\u0130ZMETLER\u0130M\u0130Z<\/span><\/span>\n\t\t\t\t\t\t\t\t\t\t\t\t<\/h2>\n\t\t\t\t\t\t<\/div>\n\t\t\t\t<div data-proradio-customstyles=\".proradio-proradiotabseffaec-hzmetlermz .proradio-txtfx--paris { color: #808080}\n\t\t\t\t\t\t\t.proradio-proradiotabseffaec-hzmetlermz .proradio-txtfx--paris span::before, .proradio-proradiotabseffaec-hzmetlermz .proradio-txtfx--paris span::after { color: #FFFFFF}\n\t\t\t\t\t\t\t.proradio-proradiotabseffaec-hzmetlermz .proradio-txtfx--paris::before, .proradio-proradiotabseffaec-hzmetlermz .proradio-txtfx--paris::after { background: #DD1A22}\"><\/div>\n\t\t\t\t\t\t<\/div>\n\t\t\t\t<\/div>\n\t\t\t\t\t<\/div>\n\t\t<\/div>\n\t\t\t\t\t<\/div>\n\t\t<\/section>\n\t\t\t\t<section class=\"elementor-section elementor-top-section elementor-element elementor-element-469259a elementor-section-boxed elementor-section-height-default elementor-section-height-default\" data-id=\"469259a\" data-element_type=\"section\" id=\"list-section\">\n\t\t\t\t\t\t<div class=\"elementor-container elementor-column-gap-default\">\n\t\t\t\t\t<div class=\"elementor-column elementor-col-100 elementor-top-column elementor-element elementor-element-234e055\" data-id=\"234e055\" data-element_type=\"column\">\n\t\t\t<div class=\"elementor-widget-wrap elementor-element-populated\">\n\t\t\t\t\t\t<div class=\"elementor-element elementor-element-45dba80 elementor-widget elementor-widget-proradio-elementor-event-list\" data-id=\"45dba80\" data-element_type=\"widget\" data-widget_type=\"proradio-elementor-event-list.default\">\n\t\t\t\t<div class=\"elementor-widget-container\">\n\t\t\t\t\t\t\t\t<div id=\"5de29a3da5da621aabcfd17dd4e232fe\" class=\"proradio-container proradio-events-list\">\n\t\t\t\t<article class=\"proradio-post proradio-post__event proradio-darkbg proradio-negative post-7002 event type-event status-publish has-post-thumbnail hentry eventtype-hizmetler\" data-qtwaypoints>\n\t<div class=\"proradio-bgimg proradio-bgimg--full proradio-duotone\">\n\t\t<img fetchpriority=\"high\" decoding=\"async\" width=\"370\" height=\"370\" src=\"https:\/\/radyojuke.com\/wp-content\/uploads\/2025\/07\/radyo-juke-hizmetler-6-370x370.jpg\" class=\"proradio-post__event__i wp-post-image\" alt=\"\" srcset=\"https:\/\/radyojuke.com\/wp-content\/uploads\/2025\/07\/radyo-juke-hizmetler-6-370x370.jpg 370w, https:\/\/radyojuke.com\/wp-content\/uploads\/2025\/07\/radyo-juke-hizmetler-6-150x150.jpg 150w, https:\/\/radyojuke.com\/wp-content\/uploads\/2025\/07\/radyo-juke-hizmetler-6-100x100.jpg 100w\" sizes=\"(max-width: 370px) 100vw, 370px\" \/>\t<\/div>\n\t<div class=\"proradio-post__event__c\">\n\t\t<h4 class=\"proradio-post__event__d proradio-capfont\">\n\t\t\t<span><\/span>\n\t\t\t<span><\/span>\n\t\t<\/h4>\n\t\t<div class=\"proradio-post__event__t\">\n\t\t\t\n\t\t\t\t\t\t\n\t\t\t<h2 class=\"proradio-post__title\"><a href=\"https:\/\/radyojuke.com\/web\/event\/radyo-yayinciligi\/\">Radyo Yay\u0131nc\u0131l\u0131\u011f\u0131<\/a><\/h2>\n\t\t\t\t\t\t\n\t\t<\/div>\n\t\t<div class=\"proradio-post__event__b\">\n\t\t\t<a href=\"https:\/\/radyojuke.com\/web\/event\/radyo-yayinciligi\/\" class=\"proradio-btn\">More info<\/a>\n\t\t<\/div>\n\t<\/div>\n<\/article><article class=\"proradio-post proradio-post__event proradio-darkbg proradio-negative post-7027 event type-event status-publish has-post-thumbnail hentry eventtype-hizmetler\" data-qtwaypoints>\n\t<div class=\"proradio-bgimg proradio-bgimg--full proradio-duotone\">\n\t\t<img decoding=\"async\" width=\"370\" height=\"370\" src=\"https:\/\/radyojuke.com\/wp-content\/uploads\/2025\/07\/radyo-juke-hizmetler-7-370x370.jpg\" class=\"proradio-post__event__i wp-post-image\" alt=\"\" srcset=\"https:\/\/radyojuke.com\/wp-content\/uploads\/2025\/07\/radyo-juke-hizmetler-7-370x370.jpg 370w, https:\/\/radyojuke.com\/wp-content\/uploads\/2025\/07\/radyo-juke-hizmetler-7-150x150.jpg 150w, https:\/\/radyojuke.com\/wp-content\/uploads\/2025\/07\/radyo-juke-hizmetler-7-100x100.jpg 100w\" sizes=\"(max-width: 370px) 100vw, 370px\" \/>\t<\/div>\n\t<div class=\"proradio-post__event__c\">\n\t\t<h4 class=\"proradio-post__event__d proradio-capfont\">\n\t\t\t<span><\/span>\n\t\t\t<span><\/span>\n\t\t<\/h4>\n\t\t<div class=\"proradio-post__event__t\">\n\t\t\t\n\t\t\t\t\t\t\n\t\t\t<h2 class=\"proradio-post__title\"><a href=\"https:\/\/radyojuke.com\/web\/event\/reklam\/\">Radyo Reklam Prod\u00fcksiyonu<\/a><\/h2>\n\t\t\t\t\t\t\n\t\t<\/div>\n\t\t<div class=\"proradio-post__event__b\">\n\t\t\t<a href=\"https:\/\/radyojuke.com\/web\/event\/reklam\/\" class=\"proradio-btn\">More info<\/a>\n\t\t<\/div>\n\t<\/div>\n<\/article><article class=\"proradio-post proradio-post__event proradio-darkbg proradio-negative post-7031 event type-event status-publish has-post-thumbnail hentry eventtype-hizmetler\" data-qtwaypoints>\n\t<div class=\"proradio-bgimg proradio-bgimg--full proradio-duotone\">\n\t\t<img decoding=\"async\" width=\"370\" height=\"370\" src=\"https:\/\/radyojuke.com\/wp-content\/uploads\/2025\/07\/radyo-juke-hizmetler-5-370x370.jpg\" class=\"proradio-post__event__i wp-post-image\" alt=\"\" srcset=\"https:\/\/radyojuke.com\/wp-content\/uploads\/2025\/07\/radyo-juke-hizmetler-5-370x370.jpg 370w, https:\/\/radyojuke.com\/wp-content\/uploads\/2025\/07\/radyo-juke-hizmetler-5-150x150.jpg 150w, https:\/\/radyojuke.com\/wp-content\/uploads\/2025\/07\/radyo-juke-hizmetler-5-100x100.jpg 100w\" sizes=\"(max-width: 370px) 100vw, 370px\" \/>\t<\/div>\n\t<div class=\"proradio-post__event__c\">\n\t\t<h4 class=\"proradio-post__event__d proradio-capfont\">\n\t\t\t<span><\/span>\n\t\t\t<span><\/span>\n\t\t<\/h4>\n\t\t<div class=\"proradio-post__event__t\">\n\t\t\t\n\t\t\t\t\t\t\n\t\t\t<h2 class=\"proradio-post__title\"><a href=\"https:\/\/radyojuke.com\/web\/event\/sosyal-medya-danismanligi\/\">Sosyal Medya Dan\u0131\u015fmanl\u0131\u011f\u0131<\/a><\/h2>\n\t\t\t\t\t\t\n\t\t<\/div>\n\t\t<div class=\"proradio-post__event__b\">\n\t\t\t<a href=\"https:\/\/radyojuke.com\/web\/event\/sosyal-medya-danismanligi\/\" class=\"proradio-btn\">More info<\/a>\n\t\t<\/div>\n\t<\/div>\n<\/article><article class=\"proradio-post proradio-post__event proradio-darkbg proradio-negative post-7032 event type-event status-publish has-post-thumbnail hentry eventtype-hizmetler\" data-qtwaypoints>\n\t<div class=\"proradio-bgimg proradio-bgimg--full proradio-duotone\">\n\t\t<img loading=\"lazy\" decoding=\"async\" width=\"370\" height=\"370\" src=\"https:\/\/radyojuke.com\/wp-content\/uploads\/2025\/07\/radyo-juke-hizmetler-3-e1751887520485-370x370.jpg\" class=\"proradio-post__event__i wp-post-image\" alt=\"\" srcset=\"https:\/\/radyojuke.com\/wp-content\/uploads\/2025\/07\/radyo-juke-hizmetler-3-e1751887520485-370x370.jpg 370w, https:\/\/radyojuke.com\/wp-content\/uploads\/2025\/07\/radyo-juke-hizmetler-3-e1751887520485-150x150.jpg 150w, https:\/\/radyojuke.com\/wp-content\/uploads\/2025\/07\/radyo-juke-hizmetler-3-e1751887520485-100x100.jpg 100w\" sizes=\"(max-width: 370px) 100vw, 370px\" \/>\t<\/div>\n\t<div class=\"proradio-post__event__c\">\n\t\t<h4 class=\"proradio-post__event__d proradio-capfont\">\n\t\t\t<span><\/span>\n\t\t\t<span><\/span>\n\t\t<\/h4>\n\t\t<div class=\"proradio-post__event__t\">\n\t\t\t\n\t\t\t\t\t\t\n\t\t\t<h2 class=\"proradio-post__title\"><a href=\"https:\/\/radyojuke.com\/web\/event\/sunuculuk-ve-dj-hizmetleri\/\">Sunuculuk &#038; DJ Hizmetleri<\/a><\/h2>\n\t\t\t\t\t\t\n\t\t<\/div>\n\t\t<div class=\"proradio-post__event__b\">\n\t\t\t<a href=\"https:\/\/radyojuke.com\/web\/event\/sunuculuk-ve-dj-hizmetleri\/\" class=\"proradio-btn\">More info<\/a>\n\t\t<\/div>\n\t<\/div>\n<\/article><article class=\"proradio-post proradio-post__event proradio-darkbg proradio-negative post-7033 event type-event status-publish has-post-thumbnail hentry eventtype-hizmetler\" data-qtwaypoints>\n\t<div class=\"proradio-bgimg proradio-bgimg--full proradio-duotone\">\n\t\t<img loading=\"lazy\" decoding=\"async\" width=\"370\" height=\"370\" src=\"https:\/\/radyojuke.com\/wp-content\/uploads\/2025\/07\/radyo-juke-hizmetler-2-1-370x370.jpg\" class=\"proradio-post__event__i wp-post-image\" alt=\"\" srcset=\"https:\/\/radyojuke.com\/wp-content\/uploads\/2025\/07\/radyo-juke-hizmetler-2-1-370x370.jpg 370w, https:\/\/radyojuke.com\/wp-content\/uploads\/2025\/07\/radyo-juke-hizmetler-2-1-150x150.jpg 150w, https:\/\/radyojuke.com\/wp-content\/uploads\/2025\/07\/radyo-juke-hizmetler-2-1-100x100.jpg 100w\" sizes=\"(max-width: 370px) 100vw, 370px\" \/>\t<\/div>\n\t<div class=\"proradio-post__event__c\">\n\t\t<h4 class=\"proradio-post__event__d proradio-capfont\">\n\t\t\t<span><\/span>\n\t\t\t<span><\/span>\n\t\t<\/h4>\n\t\t<div class=\"proradio-post__event__t\">\n\t\t\t\n\t\t\t\t\t\t\n\t\t\t<h2 class=\"proradio-post__title\"><a href=\"https:\/\/radyojuke.com\/web\/event\/lansman-etkinlik-organizasyonu\/\">Lansman &#038; Etkinlik Organizasyonu<\/a><\/h2>\n\t\t\t\t\t\t\n\t\t<\/div>\n\t\t<div class=\"proradio-post__event__b\">\n\t\t\t<a href=\"https:\/\/radyojuke.com\/web\/event\/lansman-etkinlik-organizasyonu\/\" class=\"proradio-btn\">More info<\/a>\n\t\t<\/div>\n\t<\/div>\n<\/article><article class=\"proradio-post proradio-post__event proradio-darkbg proradio-negative post-7034 event type-event status-publish has-post-thumbnail hentry eventtype-hizmetler\" data-qtwaypoints>\n\t<div class=\"proradio-bgimg proradio-bgimg--full proradio-duotone\">\n\t\t<img loading=\"lazy\" decoding=\"async\" width=\"370\" height=\"370\" src=\"https:\/\/radyojuke.com\/wp-content\/uploads\/2025\/07\/radyo-juke-hizmetler-1-370x370.jpg\" class=\"proradio-post__event__i wp-post-image\" alt=\"\" srcset=\"https:\/\/radyojuke.com\/wp-content\/uploads\/2025\/07\/radyo-juke-hizmetler-1-370x370.jpg 370w, https:\/\/radyojuke.com\/wp-content\/uploads\/2025\/07\/radyo-juke-hizmetler-1-150x150.jpg 150w, https:\/\/radyojuke.com\/wp-content\/uploads\/2025\/07\/radyo-juke-hizmetler-1-100x100.jpg 100w\" sizes=\"(max-width: 370px) 100vw, 370px\" \/>\t<\/div>\n\t<div class=\"proradio-post__event__c\">\n\t\t<h4 class=\"proradio-post__event__d proradio-capfont\">\n\t\t\t<span><\/span>\n\t\t\t<span><\/span>\n\t\t<\/h4>\n\t\t<div class=\"proradio-post__event__t\">\n\t\t\t\n\t\t\t\t\t\t\n\t\t\t<h2 class=\"proradio-post__title\"><a href=\"https:\/\/radyojuke.com\/web\/event\/konser-ve-festival-planlamasi\/\">Konser &#038; Festival Planlamas\u0131<\/a><\/h2>\n\t\t\t\t\t\t\n\t\t<\/div>\n\t\t<div class=\"proradio-post__event__b\">\n\t\t\t<a href=\"https:\/\/radyojuke.com\/web\/event\/konser-ve-festival-planlamasi\/\" class=\"proradio-btn\">More info<\/a>\n\t\t<\/div>\n\t<\/div>\n<\/article><article class=\"proradio-post proradio-post__event proradio-darkbg proradio-negative post-7035 event type-event status-publish has-post-thumbnail hentry eventtype-hizmetler\" data-qtwaypoints>\n\t<div class=\"proradio-bgimg proradio-bgimg--full proradio-duotone\">\n\t\t<img loading=\"lazy\" decoding=\"async\" width=\"370\" height=\"370\" src=\"https:\/\/radyojuke.com\/wp-content\/uploads\/2025\/07\/radyo-juke-hizmetler-1-1-370x370.jpg\" class=\"proradio-post__event__i wp-post-image\" alt=\"\" srcset=\"https:\/\/radyojuke.com\/wp-content\/uploads\/2025\/07\/radyo-juke-hizmetler-1-1-370x370.jpg 370w, https:\/\/radyojuke.com\/wp-content\/uploads\/2025\/07\/radyo-juke-hizmetler-1-1-150x150.jpg 150w, https:\/\/radyojuke.com\/wp-content\/uploads\/2025\/07\/radyo-juke-hizmetler-1-1-100x100.jpg 100w\" sizes=\"(max-width: 370px) 100vw, 370px\" \/>\t<\/div>\n\t<div class=\"proradio-post__event__c\">\n\t\t<h4 class=\"proradio-post__event__d proradio-capfont\">\n\t\t\t<span><\/span>\n\t\t\t<span><\/span>\n\t\t<\/h4>\n\t\t<div class=\"proradio-post__event__t\">\n\t\t\t\n\t\t\t\t\t\t\n\t\t\t<h2 class=\"proradio-post__title\"><a href=\"https:\/\/radyojuke.com\/web\/event\/gorsel-medya-danismanligi\/\">G\u00f6rsel &#038; Medya Dan\u0131\u015fmanl\u0131\u011f\u0131<\/a><\/h2>\n\t\t\t\t\t\t\n\t\t<\/div>\n\t\t<div class=\"proradio-post__event__b\">\n\t\t\t<a href=\"https:\/\/radyojuke.com\/web\/event\/gorsel-medya-danismanligi\/\" class=\"proradio-btn\">More info<\/a>\n\t\t<\/div>\n\t<\/div>\n<\/article><article class=\"proradio-post proradio-post__event proradio-darkbg proradio-negative post-7036 event type-event status-publish has-post-thumbnail hentry eventtype-hizmetler\" data-qtwaypoints>\n\t<div class=\"proradio-bgimg proradio-bgimg--full proradio-duotone\">\n\t\t<img loading=\"lazy\" decoding=\"async\" width=\"370\" height=\"370\" src=\"https:\/\/radyojuke.com\/wp-content\/uploads\/2025\/07\/radyo-juke-hizmetler-fotograf-1-370x370.jpg\" class=\"proradio-post__event__i wp-post-image\" alt=\"\" srcset=\"https:\/\/radyojuke.com\/wp-content\/uploads\/2025\/07\/radyo-juke-hizmetler-fotograf-1-370x370.jpg 370w, https:\/\/radyojuke.com\/wp-content\/uploads\/2025\/07\/radyo-juke-hizmetler-fotograf-1-150x150.jpg 150w, https:\/\/radyojuke.com\/wp-content\/uploads\/2025\/07\/radyo-juke-hizmetler-fotograf-1-100x100.jpg 100w\" sizes=\"(max-width: 370px) 100vw, 370px\" \/>\t<\/div>\n\t<div class=\"proradio-post__event__c\">\n\t\t<h4 class=\"proradio-post__event__d proradio-capfont\">\n\t\t\t<span><\/span>\n\t\t\t<span><\/span>\n\t\t<\/h4>\n\t\t<div class=\"proradio-post__event__t\">\n\t\t\t\n\t\t\t\t\t\t\n\t\t\t<h2 class=\"proradio-post__title\"><a href=\"https:\/\/radyojuke.com\/web\/event\/fotograf-video-uretim\/\">Foto\u011fraf &#038; Video Hizmetleri<\/a><\/h2>\n\t\t\t\t\t\t\n\t\t<\/div>\n\t\t<div class=\"proradio-post__event__b\">\n\t\t\t<a href=\"https:\/\/radyojuke.com\/web\/event\/fotograf-video-uretim\/\" class=\"proradio-btn\">More info<\/a>\n\t\t<\/div>\n\t<\/div>\n<\/article><article class=\"proradio-post proradio-post__event proradio-darkbg proradio-negative post-7037 event type-event status-publish has-post-thumbnail hentry eventtype-hizmetler\" data-qtwaypoints>\n\t<div class=\"proradio-bgimg proradio-bgimg--full proradio-duotone\">\n\t\t<img loading=\"lazy\" decoding=\"async\" width=\"370\" height=\"370\" src=\"https:\/\/radyojuke.com\/wp-content\/uploads\/2025\/07\/radyo-juke-hizmetler-metin-1-370x370.jpg\" class=\"proradio-post__event__i wp-post-image\" alt=\"\" srcset=\"https:\/\/radyojuke.com\/wp-content\/uploads\/2025\/07\/radyo-juke-hizmetler-metin-1-370x370.jpg 370w, https:\/\/radyojuke.com\/wp-content\/uploads\/2025\/07\/radyo-juke-hizmetler-metin-1-770x770.jpg 770w, https:\/\/radyojuke.com\/wp-content\/uploads\/2025\/07\/radyo-juke-hizmetler-metin-1-1170x1170.jpg 1170w, https:\/\/radyojuke.com\/wp-content\/uploads\/2025\/07\/radyo-juke-hizmetler-metin-1-150x150.jpg 150w, https:\/\/radyojuke.com\/wp-content\/uploads\/2025\/07\/radyo-juke-hizmetler-metin-1-768x768.jpg 768w, https:\/\/radyojuke.com\/wp-content\/uploads\/2025\/07\/radyo-juke-hizmetler-metin-1-12x12.jpg 12w, https:\/\/radyojuke.com\/wp-content\/uploads\/2025\/07\/radyo-juke-hizmetler-metin-1-100x100.jpg 100w, https:\/\/radyojuke.com\/wp-content\/uploads\/2025\/07\/radyo-juke-hizmetler-metin-1.jpg 1200w\" sizes=\"(max-width: 370px) 100vw, 370px\" \/>\t<\/div>\n\t<div class=\"proradio-post__event__c\">\n\t\t<h4 class=\"proradio-post__event__d proradio-capfont\">\n\t\t\t<span><\/span>\n\t\t\t<span><\/span>\n\t\t<\/h4>\n\t\t<div class=\"proradio-post__event__t\">\n\t\t\t\n\t\t\t\t\t\t\n\t\t\t<h2 class=\"proradio-post__title\"><a href=\"https:\/\/radyojuke.com\/web\/event\/icerik-metin-yazarligi\/\">\u0130\u00e7erik &#038; Metin Yazarl\u0131\u011f\u0131<\/a><\/h2>\n\t\t\t\t\t\t\n\t\t<\/div>\n\t\t<div class=\"proradio-post__event__b\">\n\t\t\t<a href=\"https:\/\/radyojuke.com\/web\/event\/icerik-metin-yazarligi\/\" class=\"proradio-btn\">More info<\/a>\n\t\t<\/div>\n\t<\/div>\n<\/article><article class=\"proradio-post proradio-post__event proradio-darkbg proradio-negative post-7038 event type-event status-publish has-post-thumbnail hentry eventtype-hizmetler\" data-qtwaypoints>\n\t<div class=\"proradio-bgimg proradio-bgimg--full proradio-duotone\">\n\t\t<img loading=\"lazy\" decoding=\"async\" width=\"370\" height=\"370\" src=\"https:\/\/radyojuke.com\/wp-content\/uploads\/2025\/07\/radyo-juke-hizmetler-8-370x370.jpg\" class=\"proradio-post__event__i wp-post-image\" alt=\"\" srcset=\"https:\/\/radyojuke.com\/wp-content\/uploads\/2025\/07\/radyo-juke-hizmetler-8-370x370.jpg 370w, https:\/\/radyojuke.com\/wp-content\/uploads\/2025\/07\/radyo-juke-hizmetler-8-150x150.jpg 150w, https:\/\/radyojuke.com\/wp-content\/uploads\/2025\/07\/radyo-juke-hizmetler-8-100x100.jpg 100w\" sizes=\"(max-width: 370px) 100vw, 370px\" \/>\t<\/div>\n\t<div class=\"proradio-post__event__c\">\n\t\t<h4 class=\"proradio-post__event__d proradio-capfont\">\n\t\t\t<span><\/span>\n\t\t\t<span><\/span>\n\t\t<\/h4>\n\t\t<div class=\"proradio-post__event__t\">\n\t\t\t\n\t\t\t\t\t\t\n\t\t\t<h2 class=\"proradio-post__title\"><a href=\"https:\/\/radyojuke.com\/web\/event\/sunuculuk-sahne-yonetimi\/\">Sunuculuk &#038; Sahne Y\u00f6netimi<\/a><\/h2>\n\t\t\t\t\t\t\n\t\t<\/div>\n\t\t<div class=\"proradio-post__event__b\">\n\t\t\t<a href=\"https:\/\/radyojuke.com\/web\/event\/sunuculuk-sahne-yonetimi\/\" class=\"proradio-btn\">More info<\/a>\n\t\t<\/div>\n\t<\/div>\n<\/article><article class=\"proradio-post proradio-post__event proradio-darkbg proradio-negative post-7039 event type-event status-publish has-post-thumbnail hentry eventtype-hizmetler\" data-qtwaypoints>\n\t<div class=\"proradio-bgimg proradio-bgimg--full proradio-duotone\">\n\t\t<img loading=\"lazy\" decoding=\"async\" width=\"370\" height=\"370\" src=\"https:\/\/radyojuke.com\/wp-content\/uploads\/2025\/07\/radyo-juke-hizmetler-2-370x370.jpg\" class=\"proradio-post__event__i wp-post-image\" alt=\"\" srcset=\"https:\/\/radyojuke.com\/wp-content\/uploads\/2025\/07\/radyo-juke-hizmetler-2-370x370.jpg 370w, https:\/\/radyojuke.com\/wp-content\/uploads\/2025\/07\/radyo-juke-hizmetler-2-150x150.jpg 150w, https:\/\/radyojuke.com\/wp-content\/uploads\/2025\/07\/radyo-juke-hizmetler-2-100x100.jpg 100w\" sizes=\"(max-width: 370px) 100vw, 370px\" \/>\t<\/div>\n\t<div class=\"proradio-post__event__c\">\n\t\t<h4 class=\"proradio-post__event__d proradio-capfont\">\n\t\t\t<span><\/span>\n\t\t\t<span><\/span>\n\t\t<\/h4>\n\t\t<div class=\"proradio-post__event__t\">\n\t\t\t\n\t\t\t\t\t\t\n\t\t\t<h2 class=\"proradio-post__title\"><a href=\"https:\/\/radyojuke.com\/web\/event\/ses-isik-sistemleri-danismanligi\/\">Ses &#038; I\u015f\u0131k Sistemleri Dan\u0131\u015fmanl\u0131\u011f\u0131<\/a><\/h2>\n\t\t\t\t\t\t\n\t\t<\/div>\n\t\t<div class=\"proradio-post__event__b\">\n\t\t\t<a href=\"https:\/\/radyojuke.com\/web\/event\/ses-isik-sistemleri-danismanligi\/\" class=\"proradio-btn\">More info<\/a>\n\t\t<\/div>\n\t<\/div>\n<\/article>\t\t\t<\/div>\n\t\t\t\t\t\t\t<\/div>\n\t\t\t\t<\/div>\n\t\t\t\t\t<\/div>\n\t\t<\/div>\n\t\t\t\t\t<\/div>\n\t\t<\/section>\n\t\t\t\t<\/div>\n\t\t","protected":false},"excerpt":{"rendered":"<p>H\u0130ZMETLER\u0130M\u0130Z Radyo Yay\u0131nc\u0131l\u0131\u011f\u0131 Alt ba\u015fl\u0131k More info Radyo Reklam Prod\u00fcksiyonu Alt ba\u015fl\u0131k More info Sosyal Medya Y\u00f6netimi Alt ba\u015fl\u0131k More info DJ &#038; Program Hizmetleri Alt ba\u015fl\u0131k More info Lansman &#038; Etkinlik Organizasyonu Alt ba\u015fl\u0131k More info Konser ve Festival Planlamas\u0131 Alt ba\u015fl\u0131k More info G\u00f6rsel &#038; Medya Dan\u0131\u015fmanl\u0131\u011f\u0131 Alt ...<\/p>\n","protected":false},"author":2,"featured_media":0,"parent":0,"menu_order":0,"comment_status":"closed","ping_status":"closed","template":"page-visualcomposer.php","meta":{"footnotes":""},"class_list":["post-6997","page","type-page","status-publish","hentry"],"_links":{"self":[{"href":"https:\/\/radyojuke.com\/web\/wp-json\/wp\/v2\/pages\/6997","targetHints":{"allow":["GET"]}}],"collection":[{"href":"https:\/\/radyojuke.com\/web\/wp-json\/wp\/v2\/pages"}],"about":[{"href":"https:\/\/radyojuke.com\/web\/wp-json\/wp\/v2\/types\/page"}],"author":[{"embeddable":true,"href":"https:\/\/radyojuke.com\/web\/wp-json\/wp\/v2\/users\/2"}],"replies":[{"embeddable":true,"href":"https:\/\/radyojuke.com\/web\/wp-json\/wp\/v2\/comments?post=6997"}],"version-history":[{"count":31,"href":"https:\/\/radyojuke.com\/web\/wp-json\/wp\/v2\/pages\/6997\/revisions"}],"predecessor-version":[{"id":7180,"href":"https:\/\/radyojuke.com\/web\/wp-json\/wp\/v2\/pages\/6997\/revisions\/7180"}],"wp:attachment":[{"href":"https:\/\/radyojuke.com\/web\/wp-json\/wp\/v2\/media?parent=6997"}],"curies":[{"name":"wp","href":"https:\/\/api.w.org\/{rel}","templated":true}]}}