{"id":7079,"date":"2025-07-07T18:06:11","date_gmt":"2025-07-07T15:06:11","guid":{"rendered":"https:\/\/radyojuke.com\/web\/?page_id=7079"},"modified":"2026-03-03T12:11:48","modified_gmt":"2026-03-03T10:11:48","slug":"programlarimiz","status":"publish","type":"page","link":"https:\/\/radyojuke.com\/web\/programlarimiz\/","title":{"rendered":"Programlar\u0131m\u0131z"},"content":{"rendered":"\t\t<div data-elementor-type=\"wp-page\" data-elementor-id=\"7079\" class=\"elementor elementor-7079\">\n\t\t\t\t\t\t<section class=\"elementor-section elementor-top-section elementor-element elementor-element-6dd538e animated-slow elementor-section-boxed elementor-section-height-default elementor-section-height-default elementor-invisible\" data-id=\"6dd538e\" data-element_type=\"section\" data-settings=\"{&quot;background_background&quot;:&quot;classic&quot;,&quot;animation&quot;:&quot;slideInDown&quot;}\">\n\t\t\t\t\t\t<div class=\"elementor-container elementor-column-gap-default\">\n\t\t\t\t\t<div class=\"elementor-column elementor-col-100 elementor-top-column elementor-element elementor-element-a6122dd\" data-id=\"a6122dd\" data-element_type=\"column\">\n\t\t\t<div class=\"elementor-widget-wrap elementor-element-populated\">\n\t\t\t\t\t\t<div class=\"elementor-element elementor-element-1e1dc9a elementor-widget elementor-widget-proradio-elementor-section-caption\" data-id=\"1e1dc9a\" data-element_type=\"widget\" data-widget_type=\"proradio-elementor-section-caption.default\">\n\t\t\t\t<div class=\"elementor-widget-container\">\n\t\t\t\t\t\n\t\t<div class=\"proradio-section-caption  proradio-section-caption--m\">\n\n\t\t\t\t\t\t\t<h2 id=\"proradiotabsfd-programlarmz\" class=\"proradio-center proradio-capfont proradio-proradiotabsfd-programlarmz proradio-txtfx-paris-container proradio-textfx-wrap \">\n\t\t\t\t\t\t\t\t\t\t\t\t\t<span class=\"proradio-txtfx proradio-txtfx--paris\" data-qtwaypoints-offset=\"50\" data-qtwaypoints ><span data-letters-l=\"programl\" data-letters-r=\"ar\u0131m\u0131z\">programlar\u0131m\u0131z<\/span><\/span>\n\t\t\t\t\t\t\t\t\t\t\t\t<\/h2>\n\t\t\t\t\t\t<\/div>\n\t\t\t\t<div data-proradio-customstyles=\".proradio-proradiotabsfd-programlarmz .proradio-txtfx--paris { color: #808080}\n\t\t\t\t\t\t\t.proradio-proradiotabsfd-programlarmz .proradio-txtfx--paris span::before, .proradio-proradiotabsfd-programlarmz .proradio-txtfx--paris span::after { color: #FFFFFF}\n\t\t\t\t\t\t\t.proradio-proradiotabsfd-programlarmz .proradio-txtfx--paris::before, .proradio-proradiotabsfd-programlarmz .proradio-txtfx--paris::after { background: #DD1A22}\"><\/div>\n\t\t\t\t\t\t<\/div>\n\t\t\t\t<\/div>\n\t\t\t\t\t<\/div>\n\t\t<\/div>\n\t\t\t\t\t<\/div>\n\t\t<\/section>\n\t\t\t\t<section class=\"elementor-section elementor-top-section elementor-element elementor-element-16870cc animated-slow elementor-section-boxed elementor-section-height-default elementor-section-height-default elementor-invisible\" data-id=\"16870cc\" data-element_type=\"section\" data-settings=\"{&quot;animation&quot;:&quot;pulse&quot;}\">\n\t\t\t\t\t\t<div class=\"elementor-container elementor-column-gap-default\">\n\t\t\t\t\t<div class=\"elementor-column elementor-col-100 elementor-top-column elementor-element elementor-element-3632711\" data-id=\"3632711\" data-element_type=\"column\">\n\t\t\t<div class=\"elementor-widget-wrap elementor-element-populated\">\n\t\t\t\t\t\t<div class=\"elementor-element elementor-element-c655835 elementor-widget elementor-widget-proradio-elementor-post-grid\" data-id=\"c655835\" data-element_type=\"widget\" data-widget_type=\"proradio-elementor-post-grid.default\">\n\t\t\t\t<div class=\"elementor-widget-container\">\n\t\t\t\t\t\t\t\t<div id=\"gridqt-post-grid-7079\" class=\"proradio-container proradio-post-grid\">\n\t\t\t\t<div id=\"23962974f2dea29bc5c253e4398fd0e3\" class=\"proradio-row\">\n\t\t\t\t\t\t\t\t\t\t\t<div class=\"proradio-col proradio-col__post proradio-s12 proradio-m6 proradio-l4\">\n\t\t\t\t\t\t\t<article class=\"proradio-post proradio-post__card proradio-post__card--shows proradio-darkbg proradio-negative post-7963 shows type-shows status-publish has-post-thumbnail hentry\" data-qtwaypoints>\n\t<div class=\"proradio-bgimg proradio-bgimg--full proradio-duotone\">\n\t\t<img fetchpriority=\"high\" decoding=\"async\" width=\"1300\" height=\"820\" src=\"https:\/\/radyojuke.com\/wp-content\/uploads\/2026\/02\/bikemneolacakki-web.png\" class=\"proradio-post__thumb wp-post-image\" alt=\"\" srcset=\"https:\/\/radyojuke.com\/wp-content\/uploads\/2026\/02\/bikemneolacakki-web.png 1300w, https:\/\/radyojuke.com\/wp-content\/uploads\/2026\/02\/bikemneolacakki-web-770x486.png 770w, https:\/\/radyojuke.com\/wp-content\/uploads\/2026\/02\/bikemneolacakki-web-1170x738.png 1170w, https:\/\/radyojuke.com\/wp-content\/uploads\/2026\/02\/bikemneolacakki-web-768x484.png 768w, https:\/\/radyojuke.com\/wp-content\/uploads\/2026\/02\/bikemneolacakki-web-18x12.png 18w\" sizes=\"(max-width: 1300px) 100vw, 1300px\" \/>\t<\/div>\n\t<div class=\"proradio-post__headercont\">\n\n\t\t\n\t\t<a class=\"proradio-post__header__link\" href=\"https:\/\/radyojuke.com\/web\/shows\/ne-olacak-ki\/\"><\/a>\n\t\t<div class=\"proradio-post__card__cap\">\n\t\t\t<p class=\"proradio-cats\">\n\t\t\t\t\t\t\t<\/p>\n\t\t\t<h3 class=\"proradio-post__title proradio-cutme-t-2 proradio-h4\"><a href=\"https:\/\/radyojuke.com\/web\/shows\/ne-olacak-ki\/\">Ne Olacak ki<\/a><\/h3>\n\t\t\t\t\t<\/div>\n\t\t\t<\/div>\n\t\t\n<\/article>\t\t\t\t\t\t<\/div>\n\t\t\t\t\t\t\t\t\t\t\t\t<div class=\"proradio-col proradio-col__post proradio-s12 proradio-m6 proradio-l4\">\n\t\t\t\t\t\t\t<article class=\"proradio-post proradio-post__card proradio-post__card--shows proradio-darkbg proradio-negative post-7909 shows type-shows status-publish has-post-thumbnail hentry\" data-qtwaypoints>\n\t<div class=\"proradio-bgimg proradio-bgimg--full proradio-duotone\">\n\t\t<img decoding=\"async\" width=\"1300\" height=\"820\" src=\"https:\/\/radyojuke.com\/wp-content\/uploads\/2026\/02\/edakanduluakisdakal-webson-2.png\" class=\"proradio-post__thumb wp-post-image\" alt=\"\" srcset=\"https:\/\/radyojuke.com\/wp-content\/uploads\/2026\/02\/edakanduluakisdakal-webson-2.png 1300w, https:\/\/radyojuke.com\/wp-content\/uploads\/2026\/02\/edakanduluakisdakal-webson-2-770x486.png 770w, https:\/\/radyojuke.com\/wp-content\/uploads\/2026\/02\/edakanduluakisdakal-webson-2-1170x738.png 1170w, https:\/\/radyojuke.com\/wp-content\/uploads\/2026\/02\/edakanduluakisdakal-webson-2-768x484.png 768w, https:\/\/radyojuke.com\/wp-content\/uploads\/2026\/02\/edakanduluakisdakal-webson-2-18x12.png 18w\" sizes=\"(max-width: 1300px) 100vw, 1300px\" \/>\t<\/div>\n\t<div class=\"proradio-post__headercont\">\n\n\t\t\n\t\t<a class=\"proradio-post__header__link\" href=\"https:\/\/radyojuke.com\/web\/shows\/akista-kal\/\"><\/a>\n\t\t<div class=\"proradio-post__card__cap\">\n\t\t\t<p class=\"proradio-cats\">\n\t\t\t\t\t\t\t<\/p>\n\t\t\t<h3 class=\"proradio-post__title proradio-cutme-t-2 proradio-h4\"><a href=\"https:\/\/radyojuke.com\/web\/shows\/akista-kal\/\">Ak\u0131\u015fta Kal<\/a><\/h3>\n\t\t\t\t\t<\/div>\n\t\t\t<\/div>\n\t\t\n<\/article>\t\t\t\t\t\t<\/div>\n\t\t\t\t\t\t\t\t\t\t\t\t<div class=\"proradio-col proradio-col__post proradio-s12 proradio-m6 proradio-l4\">\n\t\t\t\t\t\t\t<article class=\"proradio-post proradio-post__card proradio-post__card--shows proradio-darkbg proradio-negative post-6897 shows type-shows status-publish has-post-thumbnail hentry\" data-qtwaypoints>\n\t<div class=\"proradio-bgimg proradio-bgimg--full proradio-duotone\">\n\t\t<img decoding=\"async\" width=\"1365\" height=\"820\" src=\"https:\/\/radyojuke.com\/wp-content\/uploads\/2025\/08\/hadebakaym-e1769782471241.png\" class=\"proradio-post__thumb wp-post-image\" alt=\"\" srcset=\"https:\/\/radyojuke.com\/wp-content\/uploads\/2025\/08\/hadebakaym-e1769782471241.png 1365w, https:\/\/radyojuke.com\/wp-content\/uploads\/2025\/08\/hadebakaym-e1769782471241-770x463.png 770w, https:\/\/radyojuke.com\/wp-content\/uploads\/2025\/08\/hadebakaym-e1769782471241-1170x703.png 1170w, https:\/\/radyojuke.com\/wp-content\/uploads\/2025\/08\/hadebakaym-e1769782471241-768x461.png 768w, https:\/\/radyojuke.com\/wp-content\/uploads\/2025\/08\/hadebakaym-e1769782471241-18x12.png 18w\" sizes=\"(max-width: 1365px) 100vw, 1365px\" \/>\t<\/div>\n\t<div class=\"proradio-post__headercont\">\n\n\t\t\n\t\t<a class=\"proradio-post__header__link\" href=\"https:\/\/radyojuke.com\/web\/shows\/hade-bakayim\/\"><\/a>\n\t\t<div class=\"proradio-post__card__cap\">\n\t\t\t<p class=\"proradio-cats\">\n\t\t\t\t\t\t\t<\/p>\n\t\t\t<h3 class=\"proradio-post__title proradio-cutme-t-2 proradio-h4\"><a href=\"https:\/\/radyojuke.com\/web\/shows\/hade-bakayim\/\">Hade Bakay\u0131m<\/a><\/h3>\n\t\t\t\t\t<\/div>\n\t\t\t<\/div>\n\t\t\n<\/article>\t\t\t\t\t\t<\/div>\n\t\t\t\t\t\t\t\t\t\t\t\t<div class=\"proradio-col proradio-col__post proradio-s12 proradio-m6 proradio-l4\">\n\t\t\t\t\t\t\t<article class=\"proradio-post proradio-post__card proradio-post__card--shows proradio-darkbg proradio-negative post-1824 shows type-shows status-publish has-post-thumbnail hentry\" data-qtwaypoints>\n\t<div class=\"proradio-bgimg proradio-bgimg--full proradio-duotone\">\n\t\t<img loading=\"lazy\" decoding=\"async\" width=\"1500\" height=\"820\" src=\"https:\/\/radyojuke.com\/wp-content\/uploads\/2025\/07\/WhatsApp-Image-2026-01-30-at-15.17.38-1.jpeg\" class=\"proradio-post__thumb wp-post-image\" alt=\"\" srcset=\"https:\/\/radyojuke.com\/wp-content\/uploads\/2025\/07\/WhatsApp-Image-2026-01-30-at-15.17.38-1.jpeg 1500w, https:\/\/radyojuke.com\/wp-content\/uploads\/2025\/07\/WhatsApp-Image-2026-01-30-at-15.17.38-1-770x421.jpeg 770w, https:\/\/radyojuke.com\/wp-content\/uploads\/2025\/07\/WhatsApp-Image-2026-01-30-at-15.17.38-1-1170x640.jpeg 1170w, https:\/\/radyojuke.com\/wp-content\/uploads\/2025\/07\/WhatsApp-Image-2026-01-30-at-15.17.38-1-768x420.jpeg 768w, https:\/\/radyojuke.com\/wp-content\/uploads\/2025\/07\/WhatsApp-Image-2026-01-30-at-15.17.38-1-18x10.jpeg 18w\" sizes=\"(max-width: 1500px) 100vw, 1500px\" \/>\t<\/div>\n\t<div class=\"proradio-post__headercont\">\n\n\t\t\n\t\t<a class=\"proradio-post__header__link\" href=\"https:\/\/radyojuke.com\/web\/shows\/turkce-pop-parti\/\"><\/a>\n\t\t<div class=\"proradio-post__card__cap\">\n\t\t\t<p class=\"proradio-cats\">\n\t\t\t\t\t\t\t<\/p>\n\t\t\t<h3 class=\"proradio-post__title proradio-cutme-t-2 proradio-h4\"><a href=\"https:\/\/radyojuke.com\/web\/shows\/turkce-pop-parti\/\">T\u00fcrk\u00e7e Pop Parti<\/a><\/h3>\n\t\t\t\t\t<\/div>\n\t\t\t<\/div>\n\t\t\n<\/article>\t\t\t\t\t\t<\/div>\n\t\t\t\t\t\t\t\t\t\t\t\t<div class=\"proradio-col proradio-col__post proradio-s12 proradio-m6 proradio-l4\">\n\t\t\t\t\t\t\t<article class=\"proradio-post proradio-post__card proradio-post__card--shows proradio-darkbg proradio-negative post-7871 shows type-shows status-publish has-post-thumbnail hentry\" data-qtwaypoints>\n\t<div class=\"proradio-bgimg proradio-bgimg--full proradio-duotone\">\n\t\t<img loading=\"lazy\" decoding=\"async\" width=\"1330\" height=\"820\" src=\"https:\/\/radyojuke.com\/wp-content\/uploads\/2026\/01\/web-uyandrmaservisi-e1769783254700.png\" class=\"proradio-post__thumb wp-post-image\" alt=\"\" srcset=\"https:\/\/radyojuke.com\/wp-content\/uploads\/2026\/01\/web-uyandrmaservisi-e1769783254700.png 1330w, https:\/\/radyojuke.com\/wp-content\/uploads\/2026\/01\/web-uyandrmaservisi-e1769783254700-770x475.png 770w, https:\/\/radyojuke.com\/wp-content\/uploads\/2026\/01\/web-uyandrmaservisi-e1769783254700-1170x721.png 1170w, https:\/\/radyojuke.com\/wp-content\/uploads\/2026\/01\/web-uyandrmaservisi-e1769783254700-768x474.png 768w, https:\/\/radyojuke.com\/wp-content\/uploads\/2026\/01\/web-uyandrmaservisi-e1769783254700-18x12.png 18w\" sizes=\"(max-width: 1330px) 100vw, 1330px\" \/>\t<\/div>\n\t<div class=\"proradio-post__headercont\">\n\n\t\t\n\t\t<a class=\"proradio-post__header__link\" href=\"https:\/\/radyojuke.com\/web\/shows\/uyandirma-servisi\/\"><\/a>\n\t\t<div class=\"proradio-post__card__cap\">\n\t\t\t<p class=\"proradio-cats\">\n\t\t\t\t\t\t\t<\/p>\n\t\t\t<h3 class=\"proradio-post__title proradio-cutme-t-2 proradio-h4\"><a href=\"https:\/\/radyojuke.com\/web\/shows\/uyandirma-servisi\/\">Uyand\u0131rma Servisi<\/a><\/h3>\n\t\t\t\t\t<\/div>\n\t\t\t<\/div>\n\t\t\n<\/article>\t\t\t\t\t\t<\/div>\n\t\t\t\t\t\t\t\t\t\t\t\t<div class=\"proradio-col proradio-col__post proradio-s12 proradio-m6 proradio-l4\">\n\t\t\t\t\t\t\t<article class=\"proradio-post proradio-post__card proradio-post__card--shows proradio-darkbg proradio-negative post-6899 shows type-shows status-publish has-post-thumbnail hentry\" data-qtwaypoints>\n\t<div class=\"proradio-bgimg proradio-bgimg--full proradio-duotone\">\n\t\t<img loading=\"lazy\" decoding=\"async\" width=\"1293\" height=\"820\" src=\"https:\/\/radyojuke.com\/wp-content\/uploads\/2026\/02\/bilenadam-web-e1772539994104.png\" class=\"proradio-post__thumb wp-post-image\" alt=\"\" srcset=\"https:\/\/radyojuke.com\/wp-content\/uploads\/2026\/02\/bilenadam-web-e1772539994104.png 1293w, https:\/\/radyojuke.com\/wp-content\/uploads\/2026\/02\/bilenadam-web-e1772539994104-770x488.png 770w, https:\/\/radyojuke.com\/wp-content\/uploads\/2026\/02\/bilenadam-web-e1772539994104-1170x742.png 1170w, https:\/\/radyojuke.com\/wp-content\/uploads\/2026\/02\/bilenadam-web-e1772539994104-768x487.png 768w, https:\/\/radyojuke.com\/wp-content\/uploads\/2026\/02\/bilenadam-web-e1772539994104-18x12.png 18w\" sizes=\"(max-width: 1293px) 100vw, 1293px\" \/>\t<\/div>\n\t<div class=\"proradio-post__headercont\">\n\n\t\t\n\t\t<a class=\"proradio-post__header__link\" href=\"https:\/\/radyojuke.com\/web\/shows\/bilen-adam\/\"><\/a>\n\t\t<div class=\"proradio-post__card__cap\">\n\t\t\t<p class=\"proradio-cats\">\n\t\t\t\t\t\t\t<\/p>\n\t\t\t<h3 class=\"proradio-post__title proradio-cutme-t-2 proradio-h4\"><a href=\"https:\/\/radyojuke.com\/web\/shows\/bilen-adam\/\">Bilen Adam<\/a><\/h3>\n\t\t\t\t\t<\/div>\n\t\t\t<\/div>\n\t\t\n<\/article>\t\t\t\t\t\t<\/div>\n\t\t\t\t\t\t\t\t\t\t\t\t<div class=\"proradio-col proradio-col__post proradio-s12 proradio-m6 proradio-l4\">\n\t\t\t\t\t\t\t<article class=\"proradio-post proradio-post__card proradio-post__card--shows proradio-darkbg proradio-negative post-6901 shows type-shows status-publish has-post-thumbnail hentry\" data-qtwaypoints>\n\t<div class=\"proradio-bgimg proradio-bgimg--full proradio-duotone\">\n\t\t<img loading=\"lazy\" decoding=\"async\" width=\"1300\" height=\"820\" src=\"https:\/\/radyojuke.com\/wp-content\/uploads\/2025\/07\/enyenileresradalar-web-1.png\" class=\"proradio-post__thumb wp-post-image\" alt=\"\" srcset=\"https:\/\/radyojuke.com\/wp-content\/uploads\/2025\/07\/enyenileresradalar-web-1.png 1300w, https:\/\/radyojuke.com\/wp-content\/uploads\/2025\/07\/enyenileresradalar-web-1-770x486.png 770w, https:\/\/radyojuke.com\/wp-content\/uploads\/2025\/07\/enyenileresradalar-web-1-1170x738.png 1170w, https:\/\/radyojuke.com\/wp-content\/uploads\/2025\/07\/enyenileresradalar-web-1-768x484.png 768w, https:\/\/radyojuke.com\/wp-content\/uploads\/2025\/07\/enyenileresradalar-web-1-18x12.png 18w\" sizes=\"(max-width: 1300px) 100vw, 1300px\" \/>\t<\/div>\n\t<div class=\"proradio-post__headercont\">\n\n\t\t\n\t\t<a class=\"proradio-post__header__link\" href=\"https:\/\/radyojuke.com\/web\/shows\/en-yeniler\/\"><\/a>\n\t\t<div class=\"proradio-post__card__cap\">\n\t\t\t<p class=\"proradio-cats\">\n\t\t\t\t\t\t\t<\/p>\n\t\t\t<h3 class=\"proradio-post__title proradio-cutme-t-2 proradio-h4\"><a href=\"https:\/\/radyojuke.com\/web\/shows\/en-yeniler\/\">En Yeniler<\/a><\/h3>\n\t\t\t\t\t<\/div>\n\t\t\t<\/div>\n\t\t\n<\/article>\t\t\t\t\t\t<\/div>\n\t\t\t\t\t\t\t\t\t\t\t\t<div class=\"proradio-col proradio-col__post proradio-s12 proradio-m6 proradio-l4\">\n\t\t\t\t\t\t\t<article class=\"proradio-post proradio-post__card proradio-post__card--shows proradio-darkbg proradio-negative post-7059 shows type-shows status-publish has-post-thumbnail hentry\" data-qtwaypoints>\n\t<div class=\"proradio-bgimg proradio-bgimg--full proradio-duotone\">\n\t\t<img loading=\"lazy\" decoding=\"async\" width=\"1310\" height=\"820\" src=\"https:\/\/radyojuke.com\/wp-content\/uploads\/2025\/07\/5te5-webson-e1769783884227.png\" class=\"proradio-post__thumb wp-post-image\" alt=\"\" srcset=\"https:\/\/radyojuke.com\/wp-content\/uploads\/2025\/07\/5te5-webson-e1769783884227.png 1310w, https:\/\/radyojuke.com\/wp-content\/uploads\/2025\/07\/5te5-webson-e1769783884227-770x482.png 770w, https:\/\/radyojuke.com\/wp-content\/uploads\/2025\/07\/5te5-webson-e1769783884227-1170x732.png 1170w, https:\/\/radyojuke.com\/wp-content\/uploads\/2025\/07\/5te5-webson-e1769783884227-768x481.png 768w, https:\/\/radyojuke.com\/wp-content\/uploads\/2025\/07\/5te5-webson-e1769783884227-18x12.png 18w\" sizes=\"(max-width: 1310px) 100vw, 1310px\" \/>\t<\/div>\n\t<div class=\"proradio-post__headercont\">\n\n\t\t\n\t\t<a class=\"proradio-post__header__link\" href=\"https:\/\/radyojuke.com\/web\/shows\/5te-5\/\"><\/a>\n\t\t<div class=\"proradio-post__card__cap\">\n\t\t\t<p class=\"proradio-cats\">\n\t\t\t\t\t\t\t<\/p>\n\t\t\t<h3 class=\"proradio-post__title proradio-cutme-t-2 proradio-h4\"><a href=\"https:\/\/radyojuke.com\/web\/shows\/5te-5\/\">5&#8217;te 5<\/a><\/h3>\n\t\t\t\t\t<\/div>\n\t\t\t<\/div>\n\t\t\n<\/article>\t\t\t\t\t\t<\/div>\n\t\t\t\t\t\t\t\t\t\t\t\t<div class=\"proradio-col proradio-col__post proradio-s12 proradio-m6 proradio-l4\">\n\t\t\t\t\t\t\t<article class=\"proradio-post proradio-post__card proradio-post__card--shows proradio-darkbg proradio-negative post-1826 shows type-shows status-publish has-post-thumbnail hentry\" data-qtwaypoints>\n\t<div class=\"proradio-bgimg proradio-bgimg--full proradio-duotone\">\n\t\t<img loading=\"lazy\" decoding=\"async\" width=\"1300\" height=\"820\" src=\"https:\/\/radyojuke.com\/wp-content\/uploads\/2025\/08\/90saniyedehaber-gul-web.png\" class=\"proradio-post__thumb wp-post-image\" alt=\"\" srcset=\"https:\/\/radyojuke.com\/wp-content\/uploads\/2025\/08\/90saniyedehaber-gul-web.png 1300w, https:\/\/radyojuke.com\/wp-content\/uploads\/2025\/08\/90saniyedehaber-gul-web-770x486.png 770w, https:\/\/radyojuke.com\/wp-content\/uploads\/2025\/08\/90saniyedehaber-gul-web-1170x738.png 1170w, https:\/\/radyojuke.com\/wp-content\/uploads\/2025\/08\/90saniyedehaber-gul-web-768x484.png 768w, https:\/\/radyojuke.com\/wp-content\/uploads\/2025\/08\/90saniyedehaber-gul-web-18x12.png 18w\" sizes=\"(max-width: 1300px) 100vw, 1300px\" \/>\t<\/div>\n\t<div class=\"proradio-post__headercont\">\n\n\t\t\n\t\t<a class=\"proradio-post__header__link\" href=\"https:\/\/radyojuke.com\/web\/shows\/90-saniyede-haber\/\"><\/a>\n\t\t<div class=\"proradio-post__card__cap\">\n\t\t\t<p class=\"proradio-cats\">\n\t\t\t\t\t\t\t<\/p>\n\t\t\t<h3 class=\"proradio-post__title proradio-cutme-t-2 proradio-h4\"><a href=\"https:\/\/radyojuke.com\/web\/shows\/90-saniyede-haber\/\">90 Saniyede Haber<\/a><\/h3>\n\t\t\t\t\t<\/div>\n\t\t\t<\/div>\n\t\t\n<\/article>\t\t\t\t\t\t<\/div>\n\t\t\t\t\t\t\t\t\t\t\t\t<div class=\"proradio-col proradio-col__post proradio-s12 proradio-m6 proradio-l4\">\n\t\t\t\t\t\t\t<article class=\"proradio-post proradio-post__card proradio-post__card--shows proradio-darkbg proradio-negative post-6910 shows type-shows status-publish has-post-thumbnail hentry\" data-qtwaypoints>\n\t<div class=\"proradio-bgimg proradio-bgimg--full proradio-duotone\">\n\t\t<img loading=\"lazy\" decoding=\"async\" width=\"1300\" height=\"820\" src=\"https:\/\/radyojuke.com\/wp-content\/uploads\/2025\/07\/ensevilenakustikler-web-son.png\" class=\"proradio-post__thumb wp-post-image\" alt=\"\" srcset=\"https:\/\/radyojuke.com\/wp-content\/uploads\/2025\/07\/ensevilenakustikler-web-son.png 1300w, https:\/\/radyojuke.com\/wp-content\/uploads\/2025\/07\/ensevilenakustikler-web-son-770x486.png 770w, https:\/\/radyojuke.com\/wp-content\/uploads\/2025\/07\/ensevilenakustikler-web-son-1170x738.png 1170w, https:\/\/radyojuke.com\/wp-content\/uploads\/2025\/07\/ensevilenakustikler-web-son-768x484.png 768w, https:\/\/radyojuke.com\/wp-content\/uploads\/2025\/07\/ensevilenakustikler-web-son-18x12.png 18w\" sizes=\"(max-width: 1300px) 100vw, 1300px\" \/>\t<\/div>\n\t<div class=\"proradio-post__headercont\">\n\n\t\t\n\t\t<a class=\"proradio-post__header__link\" href=\"https:\/\/radyojuke.com\/web\/shows\/radyo-juke-akustik\/\"><\/a>\n\t\t<div class=\"proradio-post__card__cap\">\n\t\t\t<p class=\"proradio-cats\">\n\t\t\t\t\t\t\t<\/p>\n\t\t\t<h3 class=\"proradio-post__title proradio-cutme-t-2 proradio-h4\"><a href=\"https:\/\/radyojuke.com\/web\/shows\/radyo-juke-akustik\/\">Radyo JUKE Akustik<\/a><\/h3>\n\t\t\t\t\t<\/div>\n\t\t\t<\/div>\n\t\t\n<\/article>\t\t\t\t\t\t<\/div>\n\t\t\t\t\t\t\t\t\t\t\t\t<div class=\"proradio-col proradio-col__post proradio-s12 proradio-m6 proradio-l4\">\n\t\t\t\t\t\t\t<article class=\"proradio-post proradio-post__card proradio-post__card--shows proradio-darkbg proradio-negative post-6905 shows type-shows status-publish has-post-thumbnail hentry\" data-qtwaypoints>\n\t<div class=\"proradio-bgimg proradio-bgimg--full proradio-duotone\">\n\t\t<img loading=\"lazy\" decoding=\"async\" width=\"1300\" height=\"760\" src=\"https:\/\/radyojuke.com\/wp-content\/uploads\/2025\/07\/slowjuke-webson-e1770220259304.png\" class=\"proradio-post__thumb wp-post-image\" alt=\"\" srcset=\"https:\/\/radyojuke.com\/wp-content\/uploads\/2025\/07\/slowjuke-webson-e1770220259304.png 1300w, https:\/\/radyojuke.com\/wp-content\/uploads\/2025\/07\/slowjuke-webson-e1770220259304-770x450.png 770w, https:\/\/radyojuke.com\/wp-content\/uploads\/2025\/07\/slowjuke-webson-e1770220259304-1170x684.png 1170w, https:\/\/radyojuke.com\/wp-content\/uploads\/2025\/07\/slowjuke-webson-e1770220259304-768x449.png 768w, https:\/\/radyojuke.com\/wp-content\/uploads\/2025\/07\/slowjuke-webson-e1770220259304-18x12.png 18w\" sizes=\"(max-width: 1300px) 100vw, 1300px\" \/>\t<\/div>\n\t<div class=\"proradio-post__headercont\">\n\n\t\t\n\t\t<a class=\"proradio-post__header__link\" href=\"https:\/\/radyojuke.com\/web\/shows\/radyo-juke-slow-saati\/\"><\/a>\n\t\t<div class=\"proradio-post__card__cap\">\n\t\t\t<p class=\"proradio-cats\">\n\t\t\t\t\t\t\t<\/p>\n\t\t\t<h3 class=\"proradio-post__title proradio-cutme-t-2 proradio-h4\"><a href=\"https:\/\/radyojuke.com\/web\/shows\/radyo-juke-slow-saati\/\">Radyo JUKE Slow Saati<\/a><\/h3>\n\t\t\t\t\t<\/div>\n\t\t\t<\/div>\n\t\t\n<\/article>\t\t\t\t\t\t<\/div>\n\t\t\t\t\t\t\t\t\t\t\t\t<div class=\"proradio-col proradio-col__post proradio-s12 proradio-m6 proradio-l4\">\n\t\t\t\t\t\t\t<article class=\"proradio-post proradio-post__card proradio-post__card--shows proradio-darkbg proradio-negative post-6903 shows type-shows status-publish has-post-thumbnail hentry\" data-qtwaypoints>\n\t<div class=\"proradio-bgimg proradio-bgimg--full proradio-duotone\">\n\t\t<img loading=\"lazy\" decoding=\"async\" width=\"1300\" height=\"820\" src=\"https:\/\/radyojuke.com\/wp-content\/uploads\/2025\/07\/90lar-SON2-1.png\" class=\"proradio-post__thumb wp-post-image\" alt=\"\" srcset=\"https:\/\/radyojuke.com\/wp-content\/uploads\/2025\/07\/90lar-SON2-1.png 1300w, https:\/\/radyojuke.com\/wp-content\/uploads\/2025\/07\/90lar-SON2-1-770x486.png 770w, https:\/\/radyojuke.com\/wp-content\/uploads\/2025\/07\/90lar-SON2-1-1170x738.png 1170w, https:\/\/radyojuke.com\/wp-content\/uploads\/2025\/07\/90lar-SON2-1-768x484.png 768w, https:\/\/radyojuke.com\/wp-content\/uploads\/2025\/07\/90lar-SON2-1-18x12.png 18w\" sizes=\"(max-width: 1300px) 100vw, 1300px\" \/>\t<\/div>\n\t<div class=\"proradio-post__headercont\">\n\n\t\t\n\t\t<a class=\"proradio-post__header__link\" href=\"https:\/\/radyojuke.com\/web\/shows\/radyo-juke-90lar\/\"><\/a>\n\t\t<div class=\"proradio-post__card__cap\">\n\t\t\t<p class=\"proradio-cats\">\n\t\t\t\t\t\t\t<\/p>\n\t\t\t<h3 class=\"proradio-post__title proradio-cutme-t-2 proradio-h4\"><a href=\"https:\/\/radyojuke.com\/web\/shows\/radyo-juke-90lar\/\">Radyo JUKE 90&#8217;lar<\/a><\/h3>\n\t\t\t\t\t<\/div>\n\t\t\t<\/div>\n\t\t\n<\/article>\t\t\t\t\t\t<\/div>\n\t\t\t\t\t\t\t\t\t\t\t\t<div class=\"proradio-col proradio-col__post proradio-s12 proradio-m6 proradio-l4\">\n\t\t\t\t\t\t\t<article class=\"proradio-post proradio-post__card proradio-post__card--shows proradio-darkbg proradio-negative post-6908 shows type-shows status-publish has-post-thumbnail hentry\" data-qtwaypoints>\n\t<div class=\"proradio-bgimg proradio-bgimg--full proradio-duotone\">\n\t\t<img loading=\"lazy\" decoding=\"async\" width=\"1300\" height=\"820\" src=\"https:\/\/radyojuke.com\/wp-content\/uploads\/2025\/07\/unutulmayanlar2-1.png\" class=\"proradio-post__thumb wp-post-image\" alt=\"\" srcset=\"https:\/\/radyojuke.com\/wp-content\/uploads\/2025\/07\/unutulmayanlar2-1.png 1300w, https:\/\/radyojuke.com\/wp-content\/uploads\/2025\/07\/unutulmayanlar2-1-770x486.png 770w, https:\/\/radyojuke.com\/wp-content\/uploads\/2025\/07\/unutulmayanlar2-1-1170x738.png 1170w, https:\/\/radyojuke.com\/wp-content\/uploads\/2025\/07\/unutulmayanlar2-1-768x484.png 768w, https:\/\/radyojuke.com\/wp-content\/uploads\/2025\/07\/unutulmayanlar2-1-18x12.png 18w\" sizes=\"(max-width: 1300px) 100vw, 1300px\" \/>\t<\/div>\n\t<div class=\"proradio-post__headercont\">\n\n\t\t\n\t\t<a class=\"proradio-post__header__link\" href=\"https:\/\/radyojuke.com\/web\/shows\/radyo-juke-unutulmayanlar\/\"><\/a>\n\t\t<div class=\"proradio-post__card__cap\">\n\t\t\t<p class=\"proradio-cats\">\n\t\t\t\t\t\t\t<\/p>\n\t\t\t<h3 class=\"proradio-post__title proradio-cutme-t-2 proradio-h4\"><a href=\"https:\/\/radyojuke.com\/web\/shows\/radyo-juke-unutulmayanlar\/\">Radyo JUKE Unutulmayanlar<\/a><\/h3>\n\t\t\t\t\t<\/div>\n\t\t\t<\/div>\n\t\t\n<\/article>\t\t\t\t\t\t<\/div>\n\t\t\t\t\t\t\t\t\t\t<\/div>\n\t\t\t<\/div>\n\t\t\t\t\t\t\t<\/div>\n\t\t\t\t<\/div>\n\t\t\t\t\t<\/div>\n\t\t<\/div>\n\t\t\t\t\t<\/div>\n\t\t<\/section>\n\t\t\t\t<\/div>\n\t\t","protected":false},"excerpt":{"rendered":"<p>programlar\u0131m\u0131z Ne Olacak ki Ak\u0131\u015fta Kal Uyand\u0131rma Servisi 90 Saniyede Haber Radyo JUKE 90&#8217;lar Hade Bakay\u0131m 5&#8217;te 5 Radyo JUKE Akustik Radyo JUKE Unutulmayanlar Radyo JUKE Slow Saati En Yeniler Bilen Adam T\u00fcrk\u00e7e Pop Parti<\/p>\n","protected":false},"author":2,"featured_media":0,"parent":0,"menu_order":0,"comment_status":"closed","ping_status":"closed","template":"page-visualcomposer.php","meta":{"footnotes":""},"class_list":["post-7079","page","type-page","status-publish","hentry"],"_links":{"self":[{"href":"https:\/\/radyojuke.com\/web\/wp-json\/wp\/v2\/pages\/7079","targetHints":{"allow":["GET"]}}],"collection":[{"href":"https:\/\/radyojuke.com\/web\/wp-json\/wp\/v2\/pages"}],"about":[{"href":"https:\/\/radyojuke.com\/web\/wp-json\/wp\/v2\/types\/page"}],"author":[{"embeddable":true,"href":"https:\/\/radyojuke.com\/web\/wp-json\/wp\/v2\/users\/2"}],"replies":[{"embeddable":true,"href":"https:\/\/radyojuke.com\/web\/wp-json\/wp\/v2\/comments?post=7079"}],"version-history":[{"count":28,"href":"https:\/\/radyojuke.com\/web\/wp-json\/wp\/v2\/pages\/7079\/revisions"}],"predecessor-version":[{"id":7972,"href":"https:\/\/radyojuke.com\/web\/wp-json\/wp\/v2\/pages\/7079\/revisions\/7972"}],"wp:attachment":[{"href":"https:\/\/radyojuke.com\/web\/wp-json\/wp\/v2\/media?parent=7079"}],"curies":[{"name":"wp","href":"https:\/\/api.w.org\/{rel}","templated":true}]}}